{"id":2488,"date":"2025-06-25T16:54:11","date_gmt":"2025-06-25T15:54:11","guid":{"rendered":"https:\/\/blateman-bobine.com\/fr\/?page_id=2488"},"modified":"2026-01-15T17:12:23","modified_gmt":"2026-01-15T16:12:23","slug":"los-albumes","status":"publish","type":"page","link":"https:\/\/blateman-bobine.com\/es\/los-albumes\/","title":{"rendered":"\u00c1lbumes"},"content":{"rendered":"<h2 class=\"wp-block-heading\" id=\"tome-1-album\">Volumen 1 - \u00a1Ataque Zombi!<\/h2>\n\n\n\n<div class=\"wp-block-group is-nowrap is-layout-flex wp-container-core-group-is-layout-794e3cfa wp-block-group-is-layout-flex\">\n<p class=\"has-text-align-center has-small-font-size wp-container-content-9cfa9a5a wp-block-paragraph translation-block\"><em><strong>Dessin\/Couleurs:<\/strong><\/em> Vhenin<br><em><strong>Sc\u00e9nariste:<\/strong><\/em> Tarek<\/p>\n\n\n\n<p class=\"has-text-align-center is-style-default has-small-font-size wp-container-content-9cfa9a5a wp-block-paragraph\"><em>16 euros<\/em><br>22 x 31 cm<br>48 p\u00e1ginas<br>ISBN 9782931033487<br><\/p>\n<\/div>\n\n\n\n<div class=\"wp-block-media-text has-media-on-the-right is-stacked-on-mobile is-vertically-aligned-top is-style-default has-small-font-size\" style=\"grid-template-columns:auto 45%\"><div class=\"wp-block-media-text__content\">\n<p class=\"is-style-info has-small-font-size wp-block-paragraph\">En la primera entrega, Blateman y Bobine son llamados al pueblo de Loindetout porque unas malvadas brujas y unos horribles zombis est\u00e1n perturbando gravemente la paz y la tranquilidad de los habitantes. Nuestros dos h\u00e9roes necesitar\u00e1n valor y m\u00e1s de un as en la manga para llevar a cabo su misi\u00f3n. Pero la estupidez y el azar parecen ayudarles m\u00e1s que el talento... A menos que...<\/p>\n<\/div><figure class=\"wp-block-media-text__media\"><img data-recalc-dims=\"1\" loading=\"lazy\" decoding=\"async\" width=\"1056\" height=\"1350\" data-attachment-id=\"1440\" data-permalink=\"https:\/\/blateman-bobine.com\/es\/462691224_10235738599505187_5836826645977011765_n\/\" data-orig-file=\"https:\/\/i0.wp.com\/blateman-bobine.com\/wp-content\/uploads\/2024\/10\/462691224_10235738599505187_5836826645977011765_n.jpg?fit=1056%2C1350&amp;ssl=1\" data-orig-size=\"1056,1350\" data-comments-opened=\"1\" data-image-meta=\"{&quot;aperture&quot;:&quot;0&quot;,&quot;credit&quot;:&quot;&quot;,&quot;camera&quot;:&quot;&quot;,&quot;caption&quot;:&quot;&quot;,&quot;created_timestamp&quot;:&quot;0&quot;,&quot;copyright&quot;:&quot;&quot;,&quot;focal_length&quot;:&quot;0&quot;,&quot;iso&quot;:&quot;0&quot;,&quot;shutter_speed&quot;:&quot;0&quot;,&quot;title&quot;:&quot;&quot;,&quot;orientation&quot;:&quot;1&quot;}\" data-image-title=\"462691224_10235738599505187_5836826645977011765_n\" data-image-description=\"\" data-image-caption=\"\" data-large-file=\"https:\/\/i0.wp.com\/blateman-bobine.com\/wp-content\/uploads\/2024\/10\/462691224_10235738599505187_5836826645977011765_n.jpg?fit=801%2C1024&amp;ssl=1\" src=\"https:\/\/i0.wp.com\/blateman-bobine.com\/fr\/wp-content\/uploads\/2024\/10\/462691224_10235738599505187_5836826645977011765_n.jpg?resize=1056%2C1350&#038;ssl=1\" alt=\"\" class=\"wp-image-1440 size-full\"\/><\/figure><\/div>\n\n\n\n<div class=\"wp-block-group is-content-justification-center is-nowrap is-layout-flex wp-container-core-group-is-layout-356def60 wp-block-group-is-layout-flex\">\n<div class=\"wp-block-buttons is-content-justification-space-between is-layout-flex wp-container-core-buttons-is-layout-2d5414bd wp-block-buttons-is-layout-flex\">\n<div class=\"wp-block-button is-style-fill\"><a class=\"wp-block-button__link has-secondary-background-color has-background wp-element-button\" href=\"https:\/\/blateman-bobine.com\/es\/pongase-en-contacto-con\/\" style=\"border-style:none;border-width:0px;border-top-left-radius:12px;border-top-right-radius:12px;border-bottom-left-radius:12px;border-bottom-right-radius:12px\" target=\"_blank\" rel=\"noreferrer noopener\">Pida su \u00e1lbum<\/a><\/div>\n<\/div>\n\n\n\n<div class=\"wp-block-buttons is-layout-flex wp-block-buttons-is-layout-flex\">\n<div class=\"wp-block-button has-custom-width wp-block-button__width-100 is-style-outline is-style-outline--1\"><a class=\"wp-block-button__link wp-element-button\" href=\"https:\/\/blateman-bobine.com\/es\/las-paginas\/\" style=\"border-radius:20rem\">Ver las p\u00e1ginas<\/a><\/div>\n<\/div>\n<\/div>\n\n\n\n<hr class=\"wp-block-coblocks-dynamic-separator is-style-fullwidth\" style=\"height:50px\"\/>\n\n\n\n<h2 class=\"wp-block-heading\" id=\"tome-2-album\">Volumen 2 - Ciudad de Gouda<\/h2>\n\n\n\n<div class=\"wp-block-group is-content-justification-center is-nowrap is-layout-flex wp-container-core-group-is-layout-356def60 wp-block-group-is-layout-flex\">\n<p class=\"has-text-align-center has-small-font-size wp-container-content-9cfa9a5a wp-block-paragraph translation-block\"><em><strong>Dessin\/Couleurs:<\/strong><\/em> Vhenin<br><em><strong>Sc\u00e9nariste:<\/strong><\/em> Tarek<\/p>\n\n\n\n<p class=\"has-text-align-center is-style-default has-small-font-size wp-container-content-9cfa9a5a wp-block-paragraph\"><em>16 euros<\/em><br>22 x 31 cm<br>48 p\u00e1ginas<br>ISBN 9782931033494<br><br><\/p>\n<\/div>\n\n\n\n<div class=\"wp-block-media-text has-media-on-the-right is-stacked-on-mobile is-style-default\" style=\"grid-template-columns:auto 45%\"><div class=\"wp-block-media-text__content\">\n<p class=\"is-style-info has-small-font-size wp-block-paragraph\">Durante las \u00faltimas semanas, la ciudad de Goudacity ha estado bajo presi\u00f3n. Las chicas j\u00f3venes han estado desapareciendo del distrito de la Universidad. Incluso se habla del regreso de Bob el Destornillador. Blateman y Bobine han sido llamados por el alcalde de la ciudad y, en colaboraci\u00f3n con el detective Obamo, tienen la misi\u00f3n de encontrar a los autores de estos secuestros... Pero nada es sencillo en Goudacity, sobre todo cuando la amenaza parece venir de... \u00a1las alcantarillas!&nbsp;<\/p>\n<\/div><figure class=\"wp-block-media-text__media\"><img data-recalc-dims=\"1\" loading=\"lazy\" decoding=\"async\" width=\"700\" height=\"937\" data-attachment-id=\"2026\" data-permalink=\"https:\/\/blateman-bobine.com\/es\/nuestros-superheroes-estaran-en-spa-el-27-de-abril-de-2025\/projet_couv_t2\/\" data-orig-file=\"https:\/\/i0.wp.com\/blateman-bobine.com\/wp-content\/uploads\/2025\/04\/projet_couv_t2.jpg?fit=700%2C937&amp;ssl=1\" data-orig-size=\"700,937\" data-comments-opened=\"1\" data-image-meta=\"{&quot;aperture&quot;:&quot;0&quot;,&quot;credit&quot;:&quot;&quot;,&quot;camera&quot;:&quot;&quot;,&quot;caption&quot;:&quot;&quot;,&quot;created_timestamp&quot;:&quot;0&quot;,&quot;copyright&quot;:&quot;&quot;,&quot;focal_length&quot;:&quot;0&quot;,&quot;iso&quot;:&quot;0&quot;,&quot;shutter_speed&quot;:&quot;0&quot;,&quot;title&quot;:&quot;&quot;,&quot;orientation&quot;:&quot;0&quot;}\" data-image-title=\"Blateman &amp;#038; Bobine &amp;#8211; Une BD de Super-Z\u00e9ros pas comme les autres\" data-image-description=\"&lt;p&gt;Blateman &amp;#038; Bobine &amp;#8211; Une BD de Super-Z\u00e9ros pas comme les autres&lt;\/p&gt;\" data-image-caption=\"&lt;p&gt;Blateman &amp;#038; Bobine &amp;#8211; Une BD de Super-Z\u00e9ros pas comme les autres&lt;\/p&gt;\" data-large-file=\"https:\/\/i0.wp.com\/blateman-bobine.com\/wp-content\/uploads\/2025\/04\/projet_couv_t2.jpg?fit=700%2C937&amp;ssl=1\" src=\"https:\/\/i0.wp.com\/blateman-bobine.com\/fr\/wp-content\/uploads\/2025\/04\/projet_couv_t2.jpg?resize=700%2C937&#038;ssl=1\" alt=\"\" class=\"wp-image-2026 size-full\" srcset=\"https:\/\/i0.wp.com\/blateman-bobine.com\/wp-content\/uploads\/2025\/04\/projet_couv_t2.jpg?w=700&amp;ssl=1 700w, https:\/\/i0.wp.com\/blateman-bobine.com\/wp-content\/uploads\/2025\/04\/projet_couv_t2.jpg?resize=224%2C300&amp;ssl=1 224w, https:\/\/i0.wp.com\/blateman-bobine.com\/wp-content\/uploads\/2025\/04\/projet_couv_t2.jpg?resize=150%2C200&amp;ssl=1 150w\" sizes=\"auto, (max-width: 700px) 100vw, 700px\" \/><\/figure><\/div>\n\n\n\n<div class=\"wp-block-group is-content-justification-center is-nowrap is-layout-flex wp-container-core-group-is-layout-356def60 wp-block-group-is-layout-flex\">\n<div class=\"wp-block-buttons is-content-justification-space-between is-layout-flex wp-container-core-buttons-is-layout-2d5414bd wp-block-buttons-is-layout-flex\">\n<div class=\"wp-block-button\"><a class=\"wp-block-button__link has-secondary-background-color has-background wp-element-button\" href=\"https:\/\/blateman-bobine.com\/es\/pongase-en-contacto-con\/\" style=\"border-top-left-radius:12px;border-top-right-radius:12px;border-bottom-left-radius:12px;border-bottom-right-radius:12px\" target=\"_blank\" rel=\"noreferrer noopener\">Pida su \u00e1lbum<\/a><\/div>\n<\/div>\n\n\n\n<div class=\"wp-block-buttons is-layout-flex wp-block-buttons-is-layout-flex\">\n<div class=\"wp-block-button is-style-outline is-style-outline--2\"><a class=\"wp-block-button__link wp-element-button\" href=\"https:\/\/blateman-bobine.com\/es\/las-paginas\/\" style=\"border-radius:20rem\">Ver las p\u00e1ginas<\/a><\/div>\n<\/div>\n<\/div>\n\n\n\n<hr class=\"wp-block-coblocks-dynamic-separator is-style-fullwidth\" style=\"height:50px\"\/>\n\n\n\n<h3 class=\"wp-block-heading\">M\u00e1s informaci\u00f3n:<\/h3>\n\n\n\n\n\n<p class=\"has-small-font-size wp-block-paragraph\">Todos los textos e im\u00e1genes son propiedad exclusiva de ABA Academy, los dise\u00f1adores y guionistas - Copyright \u00a9 2012-2025 - Todos los derechos reservados para todos los pa\u00edses - Todos los derechos reservados en todos los idiomas y para todos los pa\u00edses.<\/p>","protected":false},"excerpt":{"rendered":"<p>Tome 1 &#8211; Zombie Attack ! Dessin\/Couleurs: VheninSc\u00e9nariste: Tarek 16 eur22 x 31 cm48 pagesISBN 9782931033487 Dans le premier opus, Blateman et Bobine sont appel\u00e9s au village de Loindetout car de vilaines sorci\u00e8res et d\u2019horribles zombies d\u00e9rangent s\u00e9rieusement la tranquillit\u00e9 des r\u00e9sidents&nbsp;! Il faudra du courage et plus d\u2019un tour dans leurs sacoches pour que [&hellip;]<\/p>\n","protected":false},"author":74241772,"featured_media":1747,"parent":0,"menu_order":0,"comment_status":"closed","ping_status":"closed","template":"","meta":{"_coblocks_attr":"","_coblocks_dimensions":"","_coblocks_responsive_height":"","_coblocks_accordion_ie_support":"","_crdt_document":"","advanced_seo_description":"","jetpack_seo_html_title":"","jetpack_seo_noindex":false,"footnotes":""},"class_list":["post-2488","page","type-page","status-publish","has-post-thumbnail","hentry"],"jetpack_likes_enabled":true,"jetpack_sharing_enabled":true,"jetpack_shortlink":"https:\/\/wp.me\/P4LVhx-E8","jetpack-related-posts":[{"id":1,"url":"https:\/\/blateman-bobine.com\/es\/la-serie\/","url_meta":{"origin":2488,"position":0},"title":"La serie","author":"","date":"28 junio 2014","format":false,"excerpt":"\"Blateman & Bobine\" est une s\u00e9rie de Bandes Dessin\u00e9es jeunesse (7-14 ans) publi\u00e9es aux \u00e9ditions ABA Academy. C'est l'histoire de deux super h\u00e9ros peu ordinaires...L'un est le cousin de Batman (enfin, c'est ce qu'il pr\u00e9tend...) et l'autre, Bobine, un stagiaire, gar\u00e7on intelligent et courageux r\u00eavant de devenir un vrai super-h\u00e9ro\u2026","rel":"","context":"Con 1 comentario","block_context":{"text":"Con 1 comentario","link":"https:\/\/blateman-bobine.com\/es\/la-serie\/#comments"},"img":{"alt_text":"Expo-Blateman_Bobine","src":"https:\/\/i0.wp.com\/blateman-bobine.com\/wp-content\/uploads\/2025\/04\/Expo-Blateman_Bobine-02_WEB.jpg?fit=800%2C622&ssl=1&resize=350%2C200","width":350,"height":200,"srcset":"https:\/\/i0.wp.com\/blateman-bobine.com\/wp-content\/uploads\/2025\/04\/Expo-Blateman_Bobine-02_WEB.jpg?fit=800%2C622&ssl=1&resize=350%2C200 1x, https:\/\/i0.wp.com\/blateman-bobine.com\/wp-content\/uploads\/2025\/04\/Expo-Blateman_Bobine-02_WEB.jpg?fit=800%2C622&ssl=1&resize=525%2C300 1.5x, https:\/\/i0.wp.com\/blateman-bobine.com\/wp-content\/uploads\/2025\/04\/Expo-Blateman_Bobine-02_WEB.jpg?fit=800%2C622&ssl=1&resize=700%2C400 2x"},"classes":[]},{"id":260,"url":"https:\/\/blateman-bobine.com\/es\/video\/","url_meta":{"origin":2488,"position":1},"title":"V\u00eddeos","author":"Tarek Ben Yakhlef","date":"24 octubre 2015","format":false,"excerpt":"BLateman & Bobine - Official Release https:\/\/youtube.com\/shorts\/C0Xe_Y6za7s?si=5O4wotVMMmTN9hXY Blateman & Bobine - Your Kids gonna love it https:\/\/youtube.com\/shorts\/knlZ0tiquVM?si=Wrwm3DLLd_qfyaOD Blateman & Bobine - Festival SOBD Paris - Paroles d'artistes https:\/\/youtu.be\/qDXAvId5KgQ Blateman & Bobine - Festival SoBD Paris - Le film du Salon https:\/\/youtu.be\/RgVs0yj5UM8 Blateman & Bobine - Pr\u00e9sentation officielle SoBD Paris https:\/\/www.youtube.com\/watch?v=9QwqP-kbb0k\u2026","rel":"","context":"Entrada similar","block_context":{"text":"Entrada similar","link":""},"img":{"alt_text":"","src":"https:\/\/i0.wp.com\/blateman-bobine.com\/wp-content\/uploads\/2016\/09\/fete_de_la_bd_bruxelles_2016-09.jpg?fit=400%2C600&ssl=1&resize=350%2C200","width":350,"height":200},"classes":[]},{"id":1488,"url":"https:\/\/blateman-bobine.com\/es\/los-autores\/","url_meta":{"origin":2488,"position":2},"title":"Los autores","author":"Vhenin","date":"26 diciembre 2024","format":false,"excerpt":"Vincent Henin (Vhenin) Dessinateur, Coloriste, Sc\u00e9nariste N\u00e9 \u00e0 Bruxelles en 1979, Vhenin se passionne tr\u00e8s jeune pour la Bande Dessin\u00e9e. \u00c9lev\u00e9 dans une famille de b\u00e9d\u00e9philes, il sait vers l'\u00e2ge de 9 ans qu'il fera de la BD et \u00e9labore des petites planches qu'il vend \u00e0 ses amis pour financer\u2026","rel":"","context":"Entrada similar","block_context":{"text":"Entrada similar","link":""},"img":{"alt_text":"","src":"https:\/\/i0.wp.com\/blateman-bobine.com\/wp-content\/uploads\/2016\/09\/blateman_bobine_abracadabulles-2016-05.jpg?fit=1000%2C667&ssl=1&resize=350%2C200","width":350,"height":200,"srcset":"https:\/\/i0.wp.com\/blateman-bobine.com\/wp-content\/uploads\/2016\/09\/blateman_bobine_abracadabulles-2016-05.jpg?fit=1000%2C667&ssl=1&resize=350%2C200 1x, https:\/\/i0.wp.com\/blateman-bobine.com\/wp-content\/uploads\/2016\/09\/blateman_bobine_abracadabulles-2016-05.jpg?fit=1000%2C667&ssl=1&resize=525%2C300 1.5x, https:\/\/i0.wp.com\/blateman-bobine.com\/wp-content\/uploads\/2016\/09\/blateman_bobine_abracadabulles-2016-05.jpg?fit=1000%2C667&ssl=1&resize=700%2C400 2x"},"classes":[]},{"id":1314,"url":"https:\/\/blateman-bobine.com\/es\/pongase-en-contacto-con\/","url_meta":{"origin":2488,"position":3},"title":"Contacto","author":"","date":"6 abril 2020","format":false,"excerpt":"Vous pouvez nous contacter par email, t\u00e9l\u00e9phone ou via un formulaire. Les coordonn\u00e9es incluent Olivier Ghys des \u00c9ditions ABA Academy, Vincent Henin, dessinateur, et Tarek, sc\u00e9nariste.","rel":"","context":"Entrada similar","block_context":{"text":"Entrada similar","link":""},"img":{"alt_text":"Blateman & Bobine au Festival BD de Tournai les Bulles, Belgique","src":"https:\/\/i0.wp.com\/blateman-bobine.com\/wp-content\/uploads\/2025\/04\/486188383_1949505018914854_8225716006673078368_n.jpg?fit=900%2C1200&ssl=1&resize=350%2C200","width":350,"height":200,"srcset":"https:\/\/i0.wp.com\/blateman-bobine.com\/wp-content\/uploads\/2025\/04\/486188383_1949505018914854_8225716006673078368_n.jpg?fit=900%2C1200&ssl=1&resize=350%2C200 1x, https:\/\/i0.wp.com\/blateman-bobine.com\/wp-content\/uploads\/2025\/04\/486188383_1949505018914854_8225716006673078368_n.jpg?fit=900%2C1200&ssl=1&resize=525%2C300 1.5x, https:\/\/i0.wp.com\/blateman-bobine.com\/wp-content\/uploads\/2025\/04\/486188383_1949505018914854_8225716006673078368_n.jpg?fit=900%2C1200&ssl=1&resize=700%2C400 2x"},"classes":[]},{"id":2055,"url":"https:\/\/blateman-bobine.com\/es\/las-paginas\/","url_meta":{"origin":2488,"position":4},"title":"Las p\u00e1ginas","author":"Vhenin","date":"25 abril 2025","format":false,"excerpt":"Volumen 1 Volumen 2","rel":"","context":"Entrada similar","block_context":{"text":"Entrada similar","link":""},"img":{"alt_text":"","src":"https:\/\/i0.wp.com\/blateman-bobine.com\/wp-content\/uploads\/2025\/03\/BB01_p44-copy.jpg?fit=800%2C1131&ssl=1&resize=350%2C200","width":350,"height":200,"srcset":"https:\/\/i0.wp.com\/blateman-bobine.com\/wp-content\/uploads\/2025\/03\/BB01_p44-copy.jpg?fit=800%2C1131&ssl=1&resize=350%2C200 1x, https:\/\/i0.wp.com\/blateman-bobine.com\/wp-content\/uploads\/2025\/03\/BB01_p44-copy.jpg?fit=800%2C1131&ssl=1&resize=525%2C300 1.5x, https:\/\/i0.wp.com\/blateman-bobine.com\/wp-content\/uploads\/2025\/03\/BB01_p44-copy.jpg?fit=800%2C1131&ssl=1&resize=700%2C400 2x"},"classes":[]},{"id":11,"url":"https:\/\/blateman-bobine.com\/es\/los-personajes\/","url_meta":{"origin":2488,"position":5},"title":"Los personajes","author":"","date":"28 junio 2014","format":false,"excerpt":"Blateman Fiche signal\u00e9tique: Nom civil: Blateman Devon Johnny Nom scientifique: Blattella Vheninsis Supra Stupidum Classification: mutant urbain de type h\u00e9ro\u00efco-involontaire Lieu de naissance: Whitepage, Pencilvania, U.S.A. Origine: exposition accidentelle \u00e0 des ondes de stupidit\u00e9 concentr\u00e9e Caract\u00e9ristiques physiques: quatre 'mains gauches' (aucune r\u00e9ellement utile), yeux globulaux, membrane plasmique et jambes poilues\u2026","rel":"","context":"Entrada similar","block_context":{"text":"Entrada similar","link":""},"img":{"alt_text":"Blateman","src":"https:\/\/i0.wp.com\/blateman-bobine.com\/wp-content\/uploads\/2014\/06\/presentation_perso_wordpress.png?resize=350%2C200&ssl=1","width":350,"height":200},"classes":[]}],"_links":{"self":[{"href":"https:\/\/blateman-bobine.com\/es\/wp-json\/wp\/v2\/pages\/2488","targetHints":{"allow":["GET"]}}],"collection":[{"href":"https:\/\/blateman-bobine.com\/es\/wp-json\/wp\/v2\/pages"}],"about":[{"href":"https:\/\/blateman-bobine.com\/es\/wp-json\/wp\/v2\/types\/page"}],"author":[{"embeddable":true,"href":"https:\/\/blateman-bobine.com\/es\/wp-json\/wp\/v2\/users\/74241772"}],"replies":[{"embeddable":true,"href":"https:\/\/blateman-bobine.com\/es\/wp-json\/wp\/v2\/comments?post=2488"}],"version-history":[{"count":32,"href":"https:\/\/blateman-bobine.com\/es\/wp-json\/wp\/v2\/pages\/2488\/revisions"}],"predecessor-version":[{"id":3207,"href":"https:\/\/blateman-bobine.com\/es\/wp-json\/wp\/v2\/pages\/2488\/revisions\/3207"}],"wp:featuredmedia":[{"embeddable":true,"href":"https:\/\/blateman-bobine.com\/es\/wp-json\/wp\/v2\/media\/1747"}],"wp:attachment":[{"href":"https:\/\/blateman-bobine.com\/es\/wp-json\/wp\/v2\/media?parent=2488"}],"curies":[{"name":"wp","href":"https:\/\/api.w.org\/{rel}","templated":true}]}}