{"id":11,"date":"2014-06-28T18:33:42","date_gmt":"2014-06-28T17:33:42","guid":{"rendered":"http:\/\/blateman-bobine.com\/fr\/?page_id=11"},"modified":"2026-01-15T17:03:34","modified_gmt":"2026-01-15T16:03:34","slug":"les-personnages","status":"publish","type":"page","link":"https:\/\/blateman-bobine.com\/fr\/les-personnages\/","title":{"rendered":"Les Personnages"},"content":{"rendered":"\n<div class=\"wp-block-group grid-perso wp-container-content-5f80b302 is-layout-grid wp-container-core-group-is-layout-fb983a48 wp-block-group-is-layout-grid\" style=\"min-height:0px;margin-top:0;margin-bottom:0;padding-top:0;padding-right:0px;padding-bottom:0;padding-left:0px\">\n<div class=\"wp-block-group wp-container-content-28834a22 is-vertical is-content-justification-center is-layout-flex wp-container-core-group-is-layout-f0581fa1 wp-block-group-is-layout-flex\">\n<figure class=\"wp-block-image alignleft size-medium has-custom-border is-style-default mb-0\" style=\"margin-top:0;margin-bottom:0\"><a href=\"https:\/\/i0.wp.com\/blateman-bobine.com\/fr\/wp-content\/uploads\/2014\/06\/presentation_perso_wordpress.png?ssl=1\"><img data-recalc-dims=\"1\" loading=\"lazy\" decoding=\"async\" width=\"500\" height=\"477\" data-attachment-id=\"124\" data-permalink=\"https:\/\/blateman-bobine.com\/fr\/les-personnages\/presentation_perso_wordpress\/\" data-orig-file=\"https:\/\/i0.wp.com\/blateman-bobine.com\/wp-content\/uploads\/2014\/06\/presentation_perso_wordpress.png?fit=500%2C477&amp;ssl=1\" data-orig-size=\"500,477\" data-comments-opened=\"1\" data-image-meta=\"{&quot;aperture&quot;:&quot;0&quot;,&quot;credit&quot;:&quot;&quot;,&quot;camera&quot;:&quot;&quot;,&quot;caption&quot;:&quot;&quot;,&quot;created_timestamp&quot;:&quot;0&quot;,&quot;copyright&quot;:&quot;&quot;,&quot;focal_length&quot;:&quot;0&quot;,&quot;iso&quot;:&quot;0&quot;,&quot;shutter_speed&quot;:&quot;0&quot;,&quot;title&quot;:&quot;&quot;,&quot;orientation&quot;:&quot;0&quot;}\" data-image-title=\"Blateman et Bobine &amp;#8211; La BD\" data-image-description=\"\" data-image-caption=\"\" data-large-file=\"https:\/\/i0.wp.com\/blateman-bobine.com\/wp-content\/uploads\/2014\/06\/presentation_perso_wordpress.png?fit=500%2C477&amp;ssl=1\" src=\"https:\/\/i0.wp.com\/blateman-bobine.com\/fr\/wp-content\/uploads\/2014\/06\/presentation_perso_wordpress.png?resize=500%2C477&#038;ssl=1\" alt=\"Blateman, le super h\u00e9ros un peu super z\u00e9ro.\" class=\"wp-image-124\" style=\"border-style:none;border-width:0px;object-fit:cover\"\/><\/a><\/figure>\n\n\n\n<p class=\"has-text-align-center has-custom-color-1-color has-text-color has-link-color has-large-font-size wp-elements-f5942d23cabc14f967f97675d668bd59 wp-block-paragraph\" style=\"font-style:italic;font-weight:600\">Blateman<\/p>\n<\/div>\n\n\n\n<div class=\"wp-block-group has-border-color has-custom-color-1-border-color wp-container-content-112aa591 is-vertical is-content-justification-center is-layout-flex wp-container-core-group-is-layout-54b1b8e8 wp-block-group-is-layout-flex\" style=\"border-width:0.1rem;border-radius:0.25rem;min-height:0px;margin-top:0;margin-bottom:0;padding-top:var(--wp--preset--spacing--30);padding-right:var(--wp--preset--spacing--30);padding-bottom:var(--wp--preset--spacing--30);padding-left:var(--wp--preset--spacing--30)\">\n<h2 class=\"wp-block-heading has-medium-font-size\" style=\"font-style:normal;font-weight:700\"><strong>Fiche signal\u00e9tique:<\/strong><\/h2>\n\n\n\n<ul class=\"wp-block-list is-style-checkbox has-secondary-color has-text-color has-link-color has-small-font-size wp-elements-b0d6d9f7690ffac1cde2736ddf800669\">\n<li><strong>Nom civil:<\/strong> Blateman Devon Johnny<\/li>\n\n\n\n<li><strong>Nom scientifique:<\/strong> Blattella Vheninsis Supra Stupidum<\/li>\n\n\n\n<li><strong>Classification:<\/strong> mutant urbain de type h\u00e9ro\u00efco-involontaire<\/li>\n\n\n\n<li><strong>Lieu de naissance:<\/strong> Whitepage, Pencilvania, U.S.A.<\/li>\n\n\n\n<li><strong>Origine:<\/strong> exposition accidentelle \u00e0 des ondes de stupidit\u00e9 concentr\u00e9e<\/li>\n\n\n\n<li><strong>Caract\u00e9ristiques physiques:<\/strong> quatre <em>&lsquo;mains gauches<\/em>&lsquo; (aucune r\u00e9ellement utile), yeux globulaux, membrane plasmique et jambes poilues<\/li>\n\n\n\n<li><strong>Profil psychologique:<\/strong> arrogant, maladroit\u2026 mais secr\u00e8tement attendrissant<\/li>\n\n\n\n<li><strong>Particularit\u00e9 notable:<\/strong> se croit g\u00e9nial, agit comme un d\u00e9sastre<\/li>\n\n\n\n<li><strong>Niveau de dangerosit\u00e9:<\/strong> \u00e9lev\u00e9 pour lui-m\u00eame, mod\u00e9r\u00e9 pour les autres<\/li>\n<\/ul>\n<\/div>\n<\/div>\n\n\n\n<p class=\"wp-block-paragraph\"><strong>Blateman<\/strong> est \u00e0 l&rsquo;<strong>aventure<\/strong> ce que Batman est \u00e0 la chauve-souris&#8230; Euh, comprenez-y ce que vous voudrez.<br>Blateman est un <strong>super-h\u00e9ros<\/strong> qui flirte souvent avec le <strong>super-z\u00e9ro<\/strong>! Malgr\u00e9 ses pouvoirs extraordinaires et les tours qu&rsquo;il cache dans ses <em>Blat-Sacoches<\/em>, il doit souvent compter sur son assistant, <strong>Bobine<\/strong>, pour rattraper ses b\u00e9vues.<\/p>\n\n\n\n<p class=\"wp-block-paragraph\">C&rsquo;est qu&rsquo;elle a 4 mains gauches, la pauvre blatte de <em>compet&rsquo;<\/em>&#8230;<\/p>\n\n\n\n<div style=\"height:1.2rem\" aria-hidden=\"true\" class=\"wp-block-spacer\"><\/div>\n\n\n\n<hr class=\"wp-block-separator has-alpha-channel-opacity is-style-wide\"\/>\n\n\n\n<div style=\"height:1.2rem\" aria-hidden=\"true\" class=\"wp-block-spacer\"><\/div>\n\n\n\n<div class=\"wp-block-group grid-perso is-layout-grid wp-container-core-group-is-layout-172db547 wp-block-group-is-layout-grid\">\n<div class=\"wp-block-group wp-container-content-736e896d is-vertical is-content-justification-center is-layout-flex wp-container-core-group-is-layout-f0581fa1 wp-block-group-is-layout-flex\">\n<figure class=\"wp-block-image alignright\"><a href=\"https:\/\/i0.wp.com\/blateman-bobine.com\/fr\/wp-content\/uploads\/2014\/06\/presentation_perso_wordpress2.png?ssl=1\"><img data-recalc-dims=\"1\" loading=\"lazy\" decoding=\"async\" width=\"500\" height=\"477\" data-attachment-id=\"125\" data-permalink=\"https:\/\/blateman-bobine.com\/fr\/les-personnages\/presentation_perso_wordpress2\/\" data-orig-file=\"https:\/\/i0.wp.com\/blateman-bobine.com\/wp-content\/uploads\/2014\/06\/presentation_perso_wordpress2.png?fit=500%2C477&amp;ssl=1\" data-orig-size=\"500,477\" data-comments-opened=\"1\" data-image-meta=\"{&quot;aperture&quot;:&quot;0&quot;,&quot;credit&quot;:&quot;&quot;,&quot;camera&quot;:&quot;&quot;,&quot;caption&quot;:&quot;&quot;,&quot;created_timestamp&quot;:&quot;0&quot;,&quot;copyright&quot;:&quot;&quot;,&quot;focal_length&quot;:&quot;0&quot;,&quot;iso&quot;:&quot;0&quot;,&quot;shutter_speed&quot;:&quot;0&quot;,&quot;title&quot;:&quot;&quot;,&quot;orientation&quot;:&quot;0&quot;}\" data-image-title=\"Blateman et Bobine &amp;#8211; La BD\" data-image-description=\"\" data-image-caption=\"\" data-large-file=\"https:\/\/i0.wp.com\/blateman-bobine.com\/wp-content\/uploads\/2014\/06\/presentation_perso_wordpress2.png?fit=500%2C477&amp;ssl=1\" src=\"https:\/\/i0.wp.com\/blateman-bobine.com\/fr\/wp-content\/uploads\/2014\/06\/presentation_perso_wordpress2.png?resize=500%2C477&#038;ssl=1\" alt=\"Bobine\" class=\"wp-image-125\"\/><\/a><\/figure>\n\n\n\n<p class=\"has-text-align-center has-custom-color-1-color has-text-color has-link-color has-large-font-size wp-elements-634d63711b1858ef810908f54c2199d3 wp-block-paragraph\" style=\"font-style:italic;font-weight:600\">Bobine<\/p>\n<\/div>\n\n\n\n<div class=\"wp-block-group has-border-color has-custom-color-1-border-color wp-container-content-736e896d is-vertical is-content-justification-center is-layout-flex wp-container-core-group-is-layout-bc9f1b94 wp-block-group-is-layout-flex\" style=\"border-width:0.1rem;border-radius:0.25rem;padding-top:var(--wp--preset--spacing--30);padding-right:var(--wp--preset--spacing--30);padding-bottom:var(--wp--preset--spacing--30);padding-left:var(--wp--preset--spacing--30)\">\n<h2 class=\"wp-block-heading has-medium-font-size\" style=\"font-style:normal;font-weight:700\">Fiche signal\u00e9tique:<\/h2>\n\n\n\n<ul class=\"wp-block-list is-style-checkbox has-secondary-color has-text-color has-link-color has-small-font-size wp-elements-d2e5b0dbaa187e31e8c595a0dde969a5\">\n<li><strong>Nom civil:<\/strong> Bobine Phil Shakya<\/li>\n\n\n\n<li><strong>Nom scientifique:<\/strong> Homo Sapiens Sapiens Tarekensis<\/li>\n\n\n\n<li><strong>Classification:<\/strong> humain am\u00e9lior\u00e9 par exc\u00e8s de style<\/li>\n\n\n\n<li><strong>Lieu de naissance:<\/strong> Crayonville, Connecthaircut, U.S.A.<\/li>\n\n\n\n<li><strong>Origine:<\/strong> mutation capillaire inexpliqu\u00e9e d\u00e8s la naissance<\/li>\n\n\n\n<li><strong>Caract\u00e9ristiques physiques:<\/strong> dentition surdimensionn\u00e9e, chevelure jaune ultra-abondante<\/li>\n\n\n\n<li><strong>Profil psychologique:<\/strong> enthousiaste, loyal\u2026 parfois trop<\/li>\n\n\n\n<li><strong>Particularit\u00e9 notable:<\/strong> sourit m\u00eame en situation de catastrophe<\/li>\n\n\n\n<li><strong>Niveau de dangerosit\u00e9:<\/strong> en formation, mais d\u00e9j\u00e0 dangereusement talentueux<\/li>\n<\/ul>\n<\/div>\n<\/div>\n\n\n\n<p class=\"wp-block-paragraph\"><strong>Bobine<\/strong>, lui, est un gamin aux cheveux jaunes et \u00e0 la dentition imposante. Pas une belle gueule donc, pour une <em>Bobine<\/em>! Mais il est <strong>fut\u00e9<\/strong>, parfois un brin<strong> roublard<\/strong>, et surtout <strong>d\u00e9brouillard<\/strong> et <strong>perspicace<\/strong>.<\/p>\n\n\n\n<p class=\"wp-block-paragraph\">Sa motivation est sans bornes; c&rsquo;est aupr\u00e8s de <strong>Blateman<\/strong>, son <strong>ma\u00eetre de stage<\/strong>, qu&rsquo;il compte apprendre les ficelles du m\u00e9tier de super-h\u00e9ros&#8230; \u00c0 moins que ce ne soit le contraire, Bobine qui apprend \u00e0 Blateman ?! Le disciple peut parfois d\u00e9passer le ma\u00eetre !<\/p>\n\n\n\n<p class=\"wp-block-paragraph\">Le tandem \u00ab <strong>B &amp; B<\/strong> \u00bb, c\u2019est de la dynamite et c\u2019est la <strong>combinaison parfaite<\/strong> pour vous faire<strong> vivre de folles aventures, rire et voyager, au gr\u00e9 de leurs p\u00e9rip\u00e9ties hautes en couleur<\/strong>.&nbsp;<\/p>\n\n\n\n<p class=\"wp-block-paragraph\">Rejoins-nous, l\u00e2che un commentaire ou abonne-toi \u00e0 ce site!<\/p>\n\n\n\n<p class=\"wp-block-paragraph\">\u00c0 bient\u00f4t !<\/p>\n\n\n\n<hr class=\"wp-block-coblocks-dynamic-separator is-style-fullwidth\" style=\"height:50px\"\/>\n\n\n\n<h3 class=\"wp-block-heading\">En savoir plus:<\/h3>\n\n\n","protected":false},"excerpt":{"rendered":"<p>Blateman Fiche signal\u00e9tique: Blateman est \u00e0 l&rsquo;aventure ce que Batman est \u00e0 la chauve-souris&#8230; Euh, comprenez-y ce que vous voudrez.Blateman est un super-h\u00e9ros qui flirte souvent avec le super-z\u00e9ro! Malgr\u00e9 ses pouvoirs extraordinaires et les tours qu&rsquo;il cache dans ses Blat-Sacoches, il doit souvent compter sur son assistant, Bobine, pour rattraper ses b\u00e9vues. C&rsquo;est qu&rsquo;elle [&hellip;]<\/p>\n","protected":false},"author":25794081,"featured_media":0,"parent":0,"menu_order":0,"comment_status":"open","ping_status":"open","template":"","meta":{"_coblocks_attr":"","_coblocks_dimensions":"","_coblocks_responsive_height":"","_coblocks_accordion_ie_support":"","_crdt_document":"","advanced_seo_description":"","jetpack_seo_html_title":"","jetpack_seo_noindex":false,"footnotes":""},"class_list":["post-11","page","type-page","status-publish","hentry"],"jetpack_likes_enabled":true,"jetpack_sharing_enabled":true,"jetpack_shortlink":"https:\/\/wp.me\/P4LVhx-b","jetpack-related-posts":[],"_links":{"self":[{"href":"https:\/\/blateman-bobine.com\/fr\/wp-json\/wp\/v2\/pages\/11","targetHints":{"allow":["GET"]}}],"collection":[{"href":"https:\/\/blateman-bobine.com\/fr\/wp-json\/wp\/v2\/pages"}],"about":[{"href":"https:\/\/blateman-bobine.com\/fr\/wp-json\/wp\/v2\/types\/page"}],"author":[{"embeddable":true,"href":"https:\/\/blateman-bobine.com\/fr\/wp-json\/wp\/v2\/users\/25794081"}],"replies":[{"embeddable":true,"href":"https:\/\/blateman-bobine.com\/fr\/wp-json\/wp\/v2\/comments?post=11"}],"version-history":[{"count":62,"href":"https:\/\/blateman-bobine.com\/fr\/wp-json\/wp\/v2\/pages\/11\/revisions"}],"predecessor-version":[{"id":3202,"href":"https:\/\/blateman-bobine.com\/fr\/wp-json\/wp\/v2\/pages\/11\/revisions\/3202"}],"wp:attachment":[{"href":"https:\/\/blateman-bobine.com\/fr\/wp-json\/wp\/v2\/media?parent=11"}],"curies":[{"name":"wp","href":"https:\/\/api.w.org\/{rel}","templated":true}]}}