{"id":1314,"date":"2020-04-06T11:21:35","date_gmt":"2020-04-06T10:21:35","guid":{"rendered":"https:\/\/blateman-bobine.com\/fr\/?page_id=1314"},"modified":"2026-01-15T17:09:34","modified_gmt":"2026-01-15T16:09:34","slug":"contact","status":"publish","type":"page","link":"https:\/\/blateman-bobine.com\/fr\/contact\/","title":{"rendered":"Contact"},"content":{"rendered":"\n<p class=\"wp-block-paragraph\">Tu peux nous contacter par <strong>email<\/strong>, <strong>t\u00e9l\u00e9phone<\/strong> ou <strong>via le<\/strong> <strong>formulaire ci-dessous<\/strong>.<\/p>\n\n\n\n<div class=\"wp-block-media-text is-stacked-on-mobile is-image-fill-element has-border-color\" style=\"border-color:#1a7a89;border-width:0.15rem;border-radius:7px\"><figure class=\"wp-block-media-text__media\"><img data-recalc-dims=\"1\" loading=\"lazy\" decoding=\"async\" width=\"3580\" height=\"2552\" data-attachment-id=\"1562\" data-permalink=\"https:\/\/blateman-bobine.com\/fr\/contact\/aba_logo_couleurs-03\/\" data-orig-file=\"https:\/\/i0.wp.com\/blateman-bobine.com\/wp-content\/uploads\/2024\/12\/aba_logo_couleurs-03.jpg?fit=3580%2C2552&amp;ssl=1\" data-orig-size=\"3580,2552\" data-comments-opened=\"1\" data-image-meta=\"{&quot;aperture&quot;:&quot;0&quot;,&quot;credit&quot;:&quot;&quot;,&quot;camera&quot;:&quot;&quot;,&quot;caption&quot;:&quot;&quot;,&quot;created_timestamp&quot;:&quot;0&quot;,&quot;copyright&quot;:&quot;&quot;,&quot;focal_length&quot;:&quot;0&quot;,&quot;iso&quot;:&quot;0&quot;,&quot;shutter_speed&quot;:&quot;0&quot;,&quot;title&quot;:&quot;&quot;,&quot;orientation&quot;:&quot;0&quot;}\" data-image-title=\"ABA_logo_couleurs-03\" data-image-description=\"\" data-image-caption=\"\" data-large-file=\"https:\/\/i0.wp.com\/blateman-bobine.com\/wp-content\/uploads\/2024\/12\/aba_logo_couleurs-03.jpg?fit=1024%2C730&amp;ssl=1\" src=\"https:\/\/i0.wp.com\/blateman-bobine.com\/fr\/wp-content\/uploads\/2024\/12\/aba_logo_couleurs-03.jpg?resize=3580%2C2552&#038;ssl=1\" alt=\"\" class=\"wp-image-1562 size-full\" style=\"object-position:50% 50%\"\/><\/figure><div class=\"wp-block-media-text__content\">\n<p class=\"wp-block-paragraph\"><strong>\u00c9diteur\/Distributeur : <\/strong>Olivier Ghys<br><strong>\u00c9ditions ABA Academy<\/strong><br>Tel.: +32 493 98 01 32<br><a href=\"mailto:info@aba-academy.be\" target=\"_blank\" rel=\"noreferrer noopener\">info@aba-academy.be<\/a><\/p>\n<\/div><\/div>\n\n\n\n<div class=\"wp-block-media-text is-stacked-on-mobile is-image-fill-element has-border-color has-secondary-border-color\" style=\"border-width:0.15rem;border-radius:7px\"><figure class=\"wp-block-media-text__media\"><img data-recalc-dims=\"1\" loading=\"lazy\" decoding=\"async\" width=\"667\" height=\"1000\" data-attachment-id=\"883\" data-permalink=\"https:\/\/blateman-bobine.com\/fr\/blateman-bobine-en-dedicace-a-paris-salon-sobd-le-3-decembre-2016\/img_2856\/\" data-orig-file=\"https:\/\/i0.wp.com\/blateman-bobine.com\/wp-content\/uploads\/2016\/11\/img_2856.jpg?fit=667%2C1000&amp;ssl=1\" data-orig-size=\"667,1000\" data-comments-opened=\"1\" data-image-meta=\"{&quot;aperture&quot;:&quot;2.8&quot;,&quot;credit&quot;:&quot;&quot;,&quot;camera&quot;:&quot;Canon EOS 6D&quot;,&quot;caption&quot;:&quot;&quot;,&quot;created_timestamp&quot;:&quot;1400152497&quot;,&quot;copyright&quot;:&quot;&quot;,&quot;focal_length&quot;:&quot;50&quot;,&quot;iso&quot;:&quot;800&quot;,&quot;shutter_speed&quot;:&quot;0.005&quot;,&quot;title&quot;:&quot;&quot;,&quot;orientation&quot;:&quot;0&quot;}\" data-image-title=\"Blateman et Bobine\" data-image-description=\"\" data-image-caption=\"\" data-large-file=\"https:\/\/i0.wp.com\/blateman-bobine.com\/wp-content\/uploads\/2016\/11\/img_2856.jpg?fit=667%2C1000&amp;ssl=1\" src=\"https:\/\/i0.wp.com\/blateman-bobine.com\/fr\/wp-content\/uploads\/2016\/11\/img_2856.jpg?resize=667%2C1000&#038;ssl=1\" alt=\"\" class=\"wp-image-883 size-full\" style=\"object-position:52% 0%\"\/><\/figure><div class=\"wp-block-media-text__content\">\n<p class=\"wp-block-paragraph\"><strong>Vhenin (Vincent Henin)<\/strong> Dessinateur\/Coloriste:<br><a href=\"mailto:perso@vhenin.be\" target=\"_blank\" rel=\"noreferrer noopener\">perso@vhenin.be<\/a><\/p>\n<\/div><\/div>\n\n\n\n<div class=\"wp-block-media-text is-stacked-on-mobile is-image-fill-element has-border-color\" style=\"border-color:#1a7a89;border-width:0.15rem;border-radius:7px\"><figure class=\"wp-block-media-text__media\"><img data-recalc-dims=\"1\" loading=\"lazy\" decoding=\"async\" width=\"220\" height=\"146\" data-attachment-id=\"81\" data-permalink=\"https:\/\/blateman-bobine.com\/fr\/la-serie\/url\/\" data-orig-file=\"https:\/\/i0.wp.com\/blateman-bobine.com\/wp-content\/uploads\/2014\/06\/url.jpg?fit=220%2C146&amp;ssl=1\" data-orig-size=\"220,146\" data-comments-opened=\"1\" data-image-meta=\"{&quot;aperture&quot;:&quot;0&quot;,&quot;credit&quot;:&quot;&quot;,&quot;camera&quot;:&quot;&quot;,&quot;caption&quot;:&quot;&quot;,&quot;created_timestamp&quot;:&quot;0&quot;,&quot;copyright&quot;:&quot;&quot;,&quot;focal_length&quot;:&quot;0&quot;,&quot;iso&quot;:&quot;0&quot;,&quot;shutter_speed&quot;:&quot;0&quot;,&quot;title&quot;:&quot;&quot;,&quot;orientation&quot;:&quot;0&quot;}\" data-image-title=\"Tarek\" data-image-description=\"\" data-image-caption=\"&lt;p&gt;Tarek, sc\u00e9nariste de Blateman &amp;amp; Bobine&lt;\/p&gt;\n\" data-large-file=\"https:\/\/i0.wp.com\/blateman-bobine.com\/wp-content\/uploads\/2014\/06\/url.jpg?fit=220%2C146&amp;ssl=1\" src=\"https:\/\/i0.wp.com\/blateman-bobine.com\/fr\/wp-content\/uploads\/2014\/06\/url.jpg?resize=220%2C146&#038;ssl=1\" alt=\"Tarek, sc\u00e9nariste de Blateman &amp; Bobine\" class=\"wp-image-81 size-full\" style=\"object-position:50% 50%\"\/><\/figure><div class=\"wp-block-media-text__content\">\n<p class=\"wp-block-paragraph\"><strong>Tarek<\/strong><br>Sc\u00e9nariste<br><a href=\"https:\/\/tarek-bd.fr\/contact\/\" target=\"_blank\" rel=\"noreferrer noopener\">https:\/\/tarek-bd.fr\/contact\/<\/a><\/p>\n<\/div><\/div>\n\n\n\n<p class=\"wp-block-paragraph\"><\/p>\n\n\n<div class=\"wp-block-jetpack-contact-form is-layout-flex wp-container-jetpack-contact-form-is-layout-362419f2 wp-block-jetpack-contact-form-is-layout-flex\"><a href=\"https:\/\/blateman-bobine.com\/fr\/contact\/\" target=\"_blank\" rel=\"noopener noreferrer\">Soumettre un formulaire.<\/a><\/div>\n\n\n<hr class=\"wp-block-coblocks-dynamic-separator is-style-fullwidth\" style=\"height:50px\"\/>\n\n\n\n<h3 class=\"wp-block-heading\">En savoir plus:<\/h3>\n\n\n\n\n\n<p class=\"has-small-font-size wp-block-paragraph\">Tous les textes et toutes les images sont la propri\u00e9t\u00e9 exclusive d&rsquo;ABA Academy, des dessinateurs et des sc\u00e9naristes \u2022 Copyright \u00a9 2012-2025 \u2022 All rights reserved for all countries \u2022 Tous droits r\u00e9serv\u00e9s en toutes langues et pour tous les pays.<\/p>\n\n\n\n<p class=\"wp-block-paragraph\"><\/p>\n","protected":false},"excerpt":{"rendered":"<p>Vous pouvez nous contacter par email, t\u00e9l\u00e9phone ou via un formulaire. Les coordonn\u00e9es incluent Olivier Ghys des \u00c9ditions ABA Academy, Vincent Henin, dessinateur, et Tarek, sc\u00e9nariste.<\/p>\n","protected":false},"author":25794081,"featured_media":2044,"parent":0,"menu_order":0,"comment_status":"closed","ping_status":"closed","template":"","meta":{"_coblocks_attr":"","_coblocks_dimensions":"","_coblocks_responsive_height":"","_coblocks_accordion_ie_support":"","_crdt_document":"","advanced_seo_description":"Contactez-nous par email, t\u00e9l\u00e9phone ou via le formulaire. Retrouvez les infos cl\u00e9s d'ABA Academy et de nos artistes ici.","jetpack_seo_html_title":"Contactez-nous : Email, T\u00e9l\u00e9phone & Formulaire d'Aide","jetpack_seo_noindex":false,"footnotes":""},"class_list":["post-1314","page","type-page","status-publish","has-post-thumbnail","hentry"],"jetpack_likes_enabled":true,"jetpack_sharing_enabled":true,"jetpack_shortlink":"https:\/\/wp.me\/P4LVhx-lc","jetpack-related-posts":[{"id":1,"url":"https:\/\/blateman-bobine.com\/fr\/la-serie\/","url_meta":{"origin":1314,"position":0},"title":"La S\u00e9rie","author":"","date":"28 juin 2014","format":false,"excerpt":"\"Blateman & Bobine\" est une s\u00e9rie de Bandes Dessin\u00e9es jeunesse (7-14 ans) publi\u00e9es aux \u00e9ditions ABA Academy. C'est l'histoire de deux super h\u00e9ros peu ordinaires...L'un est le cousin de Batman (enfin, c'est ce qu'il pr\u00e9tend...) et l'autre, Bobine, un stagiaire, gar\u00e7on intelligent et courageux r\u00eavant de devenir un vrai super-h\u00e9ro\u2026","rel":"","context":"Avec 1 commentaire","block_context":{"text":"Avec 1 commentaire","link":"https:\/\/blateman-bobine.com\/fr\/la-serie\/#comments"},"img":{"alt_text":"Expo-Blateman_Bobine","src":"https:\/\/i0.wp.com\/blateman-bobine.com\/wp-content\/uploads\/2025\/04\/Expo-Blateman_Bobine-02_WEB.jpg?fit=800%2C622&ssl=1&resize=350%2C200","width":350,"height":200,"srcset":"https:\/\/i0.wp.com\/blateman-bobine.com\/wp-content\/uploads\/2025\/04\/Expo-Blateman_Bobine-02_WEB.jpg?fit=800%2C622&ssl=1&resize=350%2C200 1x, https:\/\/i0.wp.com\/blateman-bobine.com\/wp-content\/uploads\/2025\/04\/Expo-Blateman_Bobine-02_WEB.jpg?fit=800%2C622&ssl=1&resize=525%2C300 1.5x, https:\/\/i0.wp.com\/blateman-bobine.com\/wp-content\/uploads\/2025\/04\/Expo-Blateman_Bobine-02_WEB.jpg?fit=800%2C622&ssl=1&resize=700%2C400 2x"},"classes":[]},{"id":2488,"url":"https:\/\/blateman-bobine.com\/fr\/les-albums\/","url_meta":{"origin":1314,"position":1},"title":"Les Albums","author":"Vhenin","date":"25 juin 2025","format":false,"excerpt":"Tome 1 - Zombie Attack ! Dessin\/Couleurs: VheninSc\u00e9nariste: Tarek 16 eur22 x 31 cm48 pagesISBN 9782931033487 Dans le premier opus, Blateman et Bobine sont appel\u00e9s au village de Loindetout car de vilaines sorci\u00e8res et d\u2019horribles zombies d\u00e9rangent s\u00e9rieusement la tranquillit\u00e9 des r\u00e9sidents\u00a0! Il faudra du courage et plus d\u2019un tour\u2026","rel":"","context":"Article similaire","block_context":{"text":"Article similaire","link":""},"img":{"alt_text":"Blateman & Bobine - Sortie Officielle, Mars 2025","src":"https:\/\/i0.wp.com\/blateman-bobine.com\/wp-content\/uploads\/2025\/03\/Blateman-Bobine-Official-Release-2025-02.jpg?fit=691%2C518&ssl=1&resize=350%2C200","width":350,"height":200,"srcset":"https:\/\/i0.wp.com\/blateman-bobine.com\/wp-content\/uploads\/2025\/03\/Blateman-Bobine-Official-Release-2025-02.jpg?fit=691%2C518&ssl=1&resize=350%2C200 1x, https:\/\/i0.wp.com\/blateman-bobine.com\/wp-content\/uploads\/2025\/03\/Blateman-Bobine-Official-Release-2025-02.jpg?fit=691%2C518&ssl=1&resize=525%2C300 1.5x"},"classes":[]}],"_links":{"self":[{"href":"https:\/\/blateman-bobine.com\/fr\/wp-json\/wp\/v2\/pages\/1314","targetHints":{"allow":["GET"]}}],"collection":[{"href":"https:\/\/blateman-bobine.com\/fr\/wp-json\/wp\/v2\/pages"}],"about":[{"href":"https:\/\/blateman-bobine.com\/fr\/wp-json\/wp\/v2\/types\/page"}],"author":[{"embeddable":true,"href":"https:\/\/blateman-bobine.com\/fr\/wp-json\/wp\/v2\/users\/25794081"}],"replies":[{"embeddable":true,"href":"https:\/\/blateman-bobine.com\/fr\/wp-json\/wp\/v2\/comments?post=1314"}],"version-history":[{"count":25,"href":"https:\/\/blateman-bobine.com\/fr\/wp-json\/wp\/v2\/pages\/1314\/revisions"}],"predecessor-version":[{"id":3204,"href":"https:\/\/blateman-bobine.com\/fr\/wp-json\/wp\/v2\/pages\/1314\/revisions\/3204"}],"wp:featuredmedia":[{"embeddable":true,"href":"https:\/\/blateman-bobine.com\/fr\/wp-json\/wp\/v2\/media\/2044"}],"wp:attachment":[{"href":"https:\/\/blateman-bobine.com\/fr\/wp-json\/wp\/v2\/media?parent=1314"}],"curies":[{"name":"wp","href":"https:\/\/api.w.org\/{rel}","templated":true}]}}