{"id":1488,"date":"2024-12-26T14:12:19","date_gmt":"2024-12-26T13:12:19","guid":{"rendered":"https:\/\/blateman-bobine.com\/fr\/?page_id=1488"},"modified":"2025-12-15T18:42:38","modified_gmt":"2025-12-15T17:42:38","slug":"les-auteurs","status":"publish","type":"page","link":"https:\/\/blateman-bobine.com\/fr\/les-auteurs\/","title":{"rendered":"Les Auteurs"},"content":{"rendered":"\n<div class=\"wp-block-group is-vertical is-layout-flex wp-container-core-group-is-layout-e4606f40 wp-block-group-is-layout-flex\">\n<figure class=\"wp-block-image alignleft wp-image-81 size-full is-style-rounded\"><img data-recalc-dims=\"1\" decoding=\"async\" data-attachment-id=\"81\" data-permalink=\"https:\/\/blateman-bobine.com\/fr\/la-serie\/url\/\" data-orig-file=\"https:\/\/i0.wp.com\/blateman-bobine.com\/wp-content\/uploads\/2014\/06\/url.jpg?fit=220%2C146&amp;ssl=1\" data-orig-size=\"220,146\" data-comments-opened=\"1\" data-image-meta=\"{&quot;aperture&quot;:&quot;0&quot;,&quot;credit&quot;:&quot;&quot;,&quot;camera&quot;:&quot;&quot;,&quot;caption&quot;:&quot;&quot;,&quot;created_timestamp&quot;:&quot;0&quot;,&quot;copyright&quot;:&quot;&quot;,&quot;focal_length&quot;:&quot;0&quot;,&quot;iso&quot;:&quot;0&quot;,&quot;shutter_speed&quot;:&quot;0&quot;,&quot;title&quot;:&quot;&quot;,&quot;orientation&quot;:&quot;0&quot;}\" data-image-title=\"Tarek\" data-image-description=\"\" data-image-caption=\"&lt;p&gt;Tarek, sc\u00e9nariste de Blateman &amp;amp; Bobine&lt;\/p&gt;\n\" data-large-file=\"https:\/\/i0.wp.com\/blateman-bobine.com\/wp-content\/uploads\/2014\/06\/url.jpg?fit=220%2C146&amp;ssl=1\" src=\"https:\/\/i0.wp.com\/blateman-bobine.com\/fr\/wp-content\/uploads\/2014\/06\/vincent_henin_vhenin.jpg?ssl=1\" alt=\"Vhenin - Vincent Henin\" class=\"wp-image-81\"\/><\/figure>\n\n\n\n<h2 class=\"wp-block-heading\">Vincent Henin (Vhenin)<\/h2>\n\n\n\n<p class=\"has-secondary-color has-text-color has-link-color wp-elements-8cc32d867fcd0039af26c4fdc2b698c7 wp-block-paragraph\"><strong>Dessinateur, Coloriste, Sc\u00e9nariste<\/strong><\/p>\n\n\n\n<p class=\"wp-block-paragraph\">N\u00e9 \u00e0 Bruxelles en 1979, <strong>Vhenin <\/strong>se passionne tr\u00e8s jeune pour la Bande Dessin\u00e9e. \u00c9lev\u00e9 dans une famille de b\u00e9d\u00e9philes, il sait vers l&rsquo;\u00e2ge de 9 ans qu&rsquo;il fera de la BD et \u00e9labore des petites planches qu&rsquo;il vend \u00e0 ses amis pour financer ses friandises. Tout en suivant une scolarit\u00e9 classique, il participe \u00e0 des cours de BD au <em>Centre Belge de la Bande Dessin\u00e9e<\/em> \u00e0 Bruxelles, puis \u00e0 l&rsquo;<em>Espace Bernier<\/em> \u00e0 Waterloo, sous l&rsquo;\u00e9gide de <strong>Jean-Luc Cornette<\/strong> et de <strong>Jean-Fran\u00e7ois Di Giorgio<\/strong>. En 1997, il rencontre <strong>Jacques Martin<\/strong>, le cr\u00e9ateur d&rsquo;Alix avec qui il travaillera 8 ans dans la collection \u00ab\u00a0<em>Les Voyages d&rsquo;Alix<\/em>\u00a0\u00bb aux \u00c9ditions <strong>Casterman<\/strong>. <strong>Vhenin<\/strong> (qui signe alors sous son <strong><em>vrai<\/em> nom, Vincent Henin<\/strong>) sortira 4 albums: <strong>Carthage<\/strong>, <strong>J\u00e9rusalem<\/strong>, <strong>P\u00e9tra<\/strong> et <strong>Lut\u00e8ce<\/strong> dont 2 r\u00e9colteront un prix&#8230;<br>Apr\u00e8s quelques ann\u00e9es d&rsquo;absence dans la milieu de la BD, <em>Vincent Henin<\/em> devient <em>Vhenin<\/em> et <strong>rel\u00e8ve le d\u00e9fi lanc\u00e9 par son ami Tarek<\/strong>: faire une BD pour la jeunesse, loin du style classique des <em>Voyages d&rsquo;Alix<\/em>! Le <strong>projet Blateman &amp; Bobine<\/strong> est n\u00e9&#8230;<br>Parall\u00e8lement \u00e0 la BD, Vhenin est <em>graphiste<\/em> et <em>interface designer<\/em> pour des clients tels que la Commission Europ\u00e9enne.<\/p>\n<\/div>\n\n\n\n<ul class=\"wp-block-list\">\n<li><a href=\"http:\/\/www.vincent-henin.be\" target=\"_blank\" rel=\"noreferrer noopener\">www.vincent-henin.be<\/a><\/li>\n\n\n\n<li><a href=\"http:\/\/www.vhenin.be\" target=\"_blank\" rel=\"noreferrer noopener\">www.vhenin.be<\/a><\/li>\n\n\n\n<li><a href=\"https:\/\/www.facebook.com\/vincenthenin.comixillustration\" target=\"_blank\" rel=\"noreferrer noopener\">https:\/\/www.facebook.com\/vincenthenin.comixillustration<\/a><\/li>\n<\/ul>\n\n\n\n<div style=\"height:1.2rem\" aria-hidden=\"true\" class=\"wp-block-spacer\"><\/div>\n\n\n\n<hr class=\"wp-block-separator has-alpha-channel-opacity is-style-dots\"\/>\n\n\n\n<div style=\"height:1.2rem\" aria-hidden=\"true\" class=\"wp-block-spacer\"><\/div>\n\n\n\n<div class=\"wp-block-group is-vertical is-layout-flex wp-container-core-group-is-layout-e4606f40 wp-block-group-is-layout-flex\">\n<figure class=\"wp-block-image alignleft size-medium wp-image-81 size-full is-style-rounded\"><img data-recalc-dims=\"1\" loading=\"lazy\" decoding=\"async\" width=\"220\" height=\"146\" data-attachment-id=\"81\" data-permalink=\"https:\/\/blateman-bobine.com\/fr\/la-serie\/url\/\" data-orig-file=\"https:\/\/i0.wp.com\/blateman-bobine.com\/wp-content\/uploads\/2014\/06\/url.jpg?fit=220%2C146&amp;ssl=1\" data-orig-size=\"220,146\" data-comments-opened=\"1\" data-image-meta=\"{&quot;aperture&quot;:&quot;0&quot;,&quot;credit&quot;:&quot;&quot;,&quot;camera&quot;:&quot;&quot;,&quot;caption&quot;:&quot;&quot;,&quot;created_timestamp&quot;:&quot;0&quot;,&quot;copyright&quot;:&quot;&quot;,&quot;focal_length&quot;:&quot;0&quot;,&quot;iso&quot;:&quot;0&quot;,&quot;shutter_speed&quot;:&quot;0&quot;,&quot;title&quot;:&quot;&quot;,&quot;orientation&quot;:&quot;0&quot;}\" data-image-title=\"Tarek\" data-image-description=\"\" data-image-caption=\"&lt;p&gt;Tarek, sc\u00e9nariste de Blateman &amp;amp; Bobine&lt;\/p&gt;\n\" data-large-file=\"https:\/\/i0.wp.com\/blateman-bobine.com\/wp-content\/uploads\/2014\/06\/url.jpg?fit=220%2C146&amp;ssl=1\" src=\"https:\/\/i0.wp.com\/blateman-bobine.com\/fr\/wp-content\/uploads\/2014\/06\/url.jpg?resize=220%2C146&#038;ssl=1\" alt=\"Tarek\" class=\"wp-image-81\"\/><\/figure>\n\n\n\n<h2 class=\"wp-block-heading\">Tarek<\/h2>\n\n\n\n<p class=\"has-secondary-color has-text-color has-link-color wp-elements-7f54d5f4b8b53e2af0176a4af6daeab6 wp-block-paragraph\"><strong>Sc\u00e9nariste<\/strong><\/p>\n\n\n\n<p class=\"wp-block-paragraph\">N\u00e9 \u00e0 Paris au d\u00e9but des ann\u00e9es 70, <strong>Tarek<\/strong> ne cesse d\u2019explorer de <strong>nouveaux horizons<\/strong> \u00e0 travers l\u2019<strong>\u00e9crit<\/strong> et l\u2019<strong>image<\/strong>. <strong>Sc\u00e9nariste<\/strong>, <strong>peintre<\/strong>, <strong>photographe<\/strong>, <strong>r\u00e9dacteur en chef de Paris Tonkar<\/strong> magazine et auteur du livre de r\u00e9f\u00e9rence sur le graffiti fran\u00e7ais, Tarek est un <strong>artiste polymorphe<\/strong>. Il a \u00e9crit pr\u00e8s de <strong>70 livres<\/strong> dont certains sont devenus des ouvrages incontournables (Paris Tonkar, la s\u00e9rie BD Sir Arthur Benton\u2026), des <strong>sc\u00e9narios pour l\u2019audiovisuel<\/strong> en <strong>Europe<\/strong> et aux <strong>\u00c9tats-Unis<\/strong> (documentaire et fiction) et expose <strong>ses peintures dans le monde entier<\/strong> (Paris, Montr\u00e9al, New York, Z\u00fcrich, Gen\u00e8ve, Budapest\u2026)<\/p>\n<\/div>\n\n\n\n<ul class=\"wp-block-list\">\n<li><a href=\"http:\/\/tarek-bd.fr\/\" target=\"_blank\" rel=\"noreferrer noopener\">http:\/\/tarek-bd.fr\/<\/a><\/li>\n<\/ul>\n\n\n\n<hr class=\"wp-block-coblocks-dynamic-separator is-style-fullwidth\" style=\"height:50px\"\/>\n\n\n\n<h3 class=\"wp-block-heading\">En savoir plus:<\/h3>\n\n\n","protected":false},"excerpt":{"rendered":"<p>Vincent Henin (Vhenin) Dessinateur, Coloriste, Sc\u00e9nariste N\u00e9 \u00e0 Bruxelles en 1979, Vhenin se passionne tr\u00e8s jeune pour la Bande Dessin\u00e9e. \u00c9lev\u00e9 dans une famille de b\u00e9d\u00e9philes, il sait vers l&rsquo;\u00e2ge de 9 ans qu&rsquo;il fera de la BD et \u00e9labore des petites planches qu&rsquo;il vend \u00e0 ses amis pour financer ses friandises. Tout en suivant [&hellip;]<\/p>\n","protected":false},"author":74241772,"featured_media":703,"parent":0,"menu_order":0,"comment_status":"closed","ping_status":"closed","template":"","meta":{"_coblocks_attr":"","_coblocks_dimensions":"","_coblocks_responsive_height":"","_coblocks_accordion_ie_support":"","_crdt_document":"","advanced_seo_description":"","jetpack_seo_html_title":"","jetpack_seo_noindex":false,"footnotes":""},"class_list":["post-1488","page","type-page","status-publish","has-post-thumbnail","hentry"],"jetpack_likes_enabled":true,"jetpack_sharing_enabled":true,"jetpack_shortlink":"https:\/\/wp.me\/P4LVhx-o0","jetpack-related-posts":[{"id":2055,"url":"https:\/\/blateman-bobine.com\/fr\/les-pages\/","url_meta":{"origin":1488,"position":0},"title":"Les Pages","author":"Vhenin","date":"25 avril 2025","format":false,"excerpt":"Tome 1 Tome 2","rel":"","context":"Article similaire","block_context":{"text":"Article similaire","link":""},"img":{"alt_text":"","src":"https:\/\/i0.wp.com\/blateman-bobine.com\/wp-content\/uploads\/2025\/03\/BB01_p44-copy.jpg?fit=800%2C1131&ssl=1&resize=350%2C200","width":350,"height":200,"srcset":"https:\/\/i0.wp.com\/blateman-bobine.com\/wp-content\/uploads\/2025\/03\/BB01_p44-copy.jpg?fit=800%2C1131&ssl=1&resize=350%2C200 1x, https:\/\/i0.wp.com\/blateman-bobine.com\/wp-content\/uploads\/2025\/03\/BB01_p44-copy.jpg?fit=800%2C1131&ssl=1&resize=525%2C300 1.5x, https:\/\/i0.wp.com\/blateman-bobine.com\/wp-content\/uploads\/2025\/03\/BB01_p44-copy.jpg?fit=800%2C1131&ssl=1&resize=700%2C400 2x"},"classes":[]},{"id":2488,"url":"https:\/\/blateman-bobine.com\/fr\/les-albums\/","url_meta":{"origin":1488,"position":1},"title":"Les Albums","author":"Vhenin","date":"25 juin 2025","format":false,"excerpt":"Tome 1 - Zombie Attack ! Dessin\/Couleurs: VheninSc\u00e9nariste: Tarek 16 eur22 x 31 cm48 pagesISBN 9782931033487 Dans le premier opus, Blateman et Bobine sont appel\u00e9s au village de Loindetout car de vilaines sorci\u00e8res et d\u2019horribles zombies d\u00e9rangent s\u00e9rieusement la tranquillit\u00e9 des r\u00e9sidents\u00a0! Il faudra du courage et plus d\u2019un tour\u2026","rel":"","context":"Article similaire","block_context":{"text":"Article similaire","link":""},"img":{"alt_text":"Blateman & Bobine - Sortie Officielle, Mars 2025","src":"https:\/\/i0.wp.com\/blateman-bobine.com\/wp-content\/uploads\/2025\/03\/Blateman-Bobine-Official-Release-2025-02.jpg?fit=691%2C518&ssl=1&resize=350%2C200","width":350,"height":200,"srcset":"https:\/\/i0.wp.com\/blateman-bobine.com\/wp-content\/uploads\/2025\/03\/Blateman-Bobine-Official-Release-2025-02.jpg?fit=691%2C518&ssl=1&resize=350%2C200 1x, https:\/\/i0.wp.com\/blateman-bobine.com\/wp-content\/uploads\/2025\/03\/Blateman-Bobine-Official-Release-2025-02.jpg?fit=691%2C518&ssl=1&resize=525%2C300 1.5x"},"classes":[]},{"id":260,"url":"https:\/\/blateman-bobine.com\/fr\/video\/","url_meta":{"origin":1488,"position":2},"title":"Vid\u00e9os","author":"Tarek Ben Yakhlef","date":"24 octobre 2015","format":false,"excerpt":"BLateman & Bobine - Official Release https:\/\/youtube.com\/shorts\/C0Xe_Y6za7s?si=5O4wotVMMmTN9hXY Blateman & Bobine - Your Kids gonna love it https:\/\/youtube.com\/shorts\/knlZ0tiquVM?si=Wrwm3DLLd_qfyaOD Blateman & Bobine - Festival SOBD Paris - Paroles d'artistes https:\/\/youtu.be\/qDXAvId5KgQ Blateman & Bobine - Festival SoBD Paris - Le film du Salon https:\/\/youtu.be\/RgVs0yj5UM8 Blateman & Bobine - Pr\u00e9sentation officielle SoBD Paris https:\/\/www.youtube.com\/watch?v=9QwqP-kbb0k\u2026","rel":"","context":"Article similaire","block_context":{"text":"Article similaire","link":""},"img":{"alt_text":"","src":"https:\/\/i0.wp.com\/blateman-bobine.com\/wp-content\/uploads\/2016\/09\/fete_de_la_bd_bruxelles_2016-09.jpg?fit=400%2C600&ssl=1&resize=350%2C200","width":350,"height":200},"classes":[]},{"id":1314,"url":"https:\/\/blateman-bobine.com\/fr\/contact\/","url_meta":{"origin":1488,"position":3},"title":"Contact","author":"","date":"6 avril 2020","format":false,"excerpt":"Vous pouvez nous contacter par email, t\u00e9l\u00e9phone ou via un formulaire. Les coordonn\u00e9es incluent Olivier Ghys des \u00c9ditions ABA Academy, Vincent Henin, dessinateur, et Tarek, sc\u00e9nariste.","rel":"","context":"Article similaire","block_context":{"text":"Article similaire","link":""},"img":{"alt_text":"Blateman & Bobine au Festival BD de Tournai les Bulles, Belgique","src":"https:\/\/i0.wp.com\/blateman-bobine.com\/wp-content\/uploads\/2025\/04\/486188383_1949505018914854_8225716006673078368_n.jpg?fit=900%2C1200&ssl=1&resize=350%2C200","width":350,"height":200,"srcset":"https:\/\/i0.wp.com\/blateman-bobine.com\/wp-content\/uploads\/2025\/04\/486188383_1949505018914854_8225716006673078368_n.jpg?fit=900%2C1200&ssl=1&resize=350%2C200 1x, https:\/\/i0.wp.com\/blateman-bobine.com\/wp-content\/uploads\/2025\/04\/486188383_1949505018914854_8225716006673078368_n.jpg?fit=900%2C1200&ssl=1&resize=525%2C300 1.5x, https:\/\/i0.wp.com\/blateman-bobine.com\/wp-content\/uploads\/2025\/04\/486188383_1949505018914854_8225716006673078368_n.jpg?fit=900%2C1200&ssl=1&resize=700%2C400 2x"},"classes":[]},{"id":11,"url":"https:\/\/blateman-bobine.com\/fr\/les-personnages\/","url_meta":{"origin":1488,"position":4},"title":"Les Personnages","author":"","date":"28 juin 2014","format":false,"excerpt":"Blateman Fiche signal\u00e9tique: Nom civil: Blateman Devon Johnny Nom scientifique: Blattella Vheninsis Supra Stupidum Classification: mutant urbain de type h\u00e9ro\u00efco-involontaire Lieu de naissance: Whitepage, Pencilvania, U.S.A. Origine: exposition accidentelle \u00e0 des ondes de stupidit\u00e9 concentr\u00e9e Caract\u00e9ristiques physiques: quatre 'mains gauches' (aucune r\u00e9ellement utile), yeux globulaux, membrane plasmique et jambes poilues\u2026","rel":"","context":"Article similaire","block_context":{"text":"Article similaire","link":""},"img":{"alt_text":"Blateman","src":"https:\/\/i0.wp.com\/blateman-bobine.com\/wp-content\/uploads\/2014\/06\/presentation_perso_wordpress.png?resize=350%2C200&ssl=1","width":350,"height":200},"classes":[]},{"id":1,"url":"https:\/\/blateman-bobine.com\/fr\/la-serie\/","url_meta":{"origin":1488,"position":5},"title":"La S\u00e9rie","author":"","date":"28 juin 2014","format":false,"excerpt":"\"Blateman & Bobine\" est une s\u00e9rie de Bandes Dessin\u00e9es jeunesse (7-14 ans) publi\u00e9es aux \u00e9ditions ABA Academy. C'est l'histoire de deux super h\u00e9ros peu ordinaires...L'un est le cousin de Batman (enfin, c'est ce qu'il pr\u00e9tend...) et l'autre, Bobine, un stagiaire, gar\u00e7on intelligent et courageux r\u00eavant de devenir un vrai super-h\u00e9ro\u2026","rel":"","context":"Avec 1 commentaire","block_context":{"text":"Avec 1 commentaire","link":"https:\/\/blateman-bobine.com\/fr\/la-serie\/#comments"},"img":{"alt_text":"Expo-Blateman_Bobine","src":"https:\/\/i0.wp.com\/blateman-bobine.com\/wp-content\/uploads\/2025\/04\/Expo-Blateman_Bobine-02_WEB.jpg?fit=800%2C622&ssl=1&resize=350%2C200","width":350,"height":200,"srcset":"https:\/\/i0.wp.com\/blateman-bobine.com\/wp-content\/uploads\/2025\/04\/Expo-Blateman_Bobine-02_WEB.jpg?fit=800%2C622&ssl=1&resize=350%2C200 1x, https:\/\/i0.wp.com\/blateman-bobine.com\/wp-content\/uploads\/2025\/04\/Expo-Blateman_Bobine-02_WEB.jpg?fit=800%2C622&ssl=1&resize=525%2C300 1.5x, https:\/\/i0.wp.com\/blateman-bobine.com\/wp-content\/uploads\/2025\/04\/Expo-Blateman_Bobine-02_WEB.jpg?fit=800%2C622&ssl=1&resize=700%2C400 2x"},"classes":[]}],"_links":{"self":[{"href":"https:\/\/blateman-bobine.com\/fr\/wp-json\/wp\/v2\/pages\/1488","targetHints":{"allow":["GET"]}}],"collection":[{"href":"https:\/\/blateman-bobine.com\/fr\/wp-json\/wp\/v2\/pages"}],"about":[{"href":"https:\/\/blateman-bobine.com\/fr\/wp-json\/wp\/v2\/types\/page"}],"author":[{"embeddable":true,"href":"https:\/\/blateman-bobine.com\/fr\/wp-json\/wp\/v2\/users\/74241772"}],"replies":[{"embeddable":true,"href":"https:\/\/blateman-bobine.com\/fr\/wp-json\/wp\/v2\/comments?post=1488"}],"version-history":[{"count":27,"href":"https:\/\/blateman-bobine.com\/fr\/wp-json\/wp\/v2\/pages\/1488\/revisions"}],"predecessor-version":[{"id":3074,"href":"https:\/\/blateman-bobine.com\/fr\/wp-json\/wp\/v2\/pages\/1488\/revisions\/3074"}],"wp:featuredmedia":[{"embeddable":true,"href":"https:\/\/blateman-bobine.com\/fr\/wp-json\/wp\/v2\/media\/703"}],"wp:attachment":[{"href":"https:\/\/blateman-bobine.com\/fr\/wp-json\/wp\/v2\/media?parent=1488"}],"curies":[{"name":"wp","href":"https:\/\/api.w.org\/{rel}","templated":true}]}}