{"id":11,"date":"2014-06-28T18:33:42","date_gmt":"2014-06-28T17:33:42","guid":{"rendered":"http:\/\/blateman-bobine.com\/fr\/?page_id=11"},"modified":"2026-01-15T17:03:34","modified_gmt":"2026-01-15T16:03:34","slug":"de-personages","status":"publish","type":"page","link":"https:\/\/blateman-bobine.com\/nl\/de-personages\/","title":{"rendered":"De personages"},"content":{"rendered":"<div class=\"wp-block-group grid-perso wp-container-content-5f80b302 is-layout-grid wp-container-core-group-is-layout-fb983a48 wp-block-group-is-layout-grid\" style=\"min-height:0px;margin-top:0;margin-bottom:0;padding-top:0;padding-right:0px;padding-bottom:0;padding-left:0px\">\n<div class=\"wp-block-group wp-container-content-28834a22 is-vertical is-content-justification-center is-layout-flex wp-container-core-group-is-layout-f0581fa1 wp-block-group-is-layout-flex\">\n<figure class=\"wp-block-image alignleft size-medium has-custom-border is-style-default mb-0\" style=\"margin-top:0;margin-bottom:0\"><a href=\"https:\/\/i0.wp.com\/blateman-bobine.com\/fr\/wp-content\/uploads\/2014\/06\/presentation_perso_wordpress.png?ssl=1\"><img data-recalc-dims=\"1\" loading=\"lazy\" decoding=\"async\" width=\"500\" height=\"477\" data-attachment-id=\"124\" data-permalink=\"https:\/\/blateman-bobine.com\/nl\/de-personages\/presentation_perso_wordpress\/\" data-orig-file=\"https:\/\/i0.wp.com\/blateman-bobine.com\/wp-content\/uploads\/2014\/06\/presentation_perso_wordpress.png?fit=500%2C477&amp;ssl=1\" data-orig-size=\"500,477\" data-comments-opened=\"1\" data-image-meta=\"{&quot;aperture&quot;:&quot;0&quot;,&quot;credit&quot;:&quot;&quot;,&quot;camera&quot;:&quot;&quot;,&quot;caption&quot;:&quot;&quot;,&quot;created_timestamp&quot;:&quot;0&quot;,&quot;copyright&quot;:&quot;&quot;,&quot;focal_length&quot;:&quot;0&quot;,&quot;iso&quot;:&quot;0&quot;,&quot;shutter_speed&quot;:&quot;0&quot;,&quot;title&quot;:&quot;&quot;,&quot;orientation&quot;:&quot;0&quot;}\" data-image-title=\"Blateman et Bobine &amp;#8211; La BD\" data-image-description=\"\" data-image-caption=\"\" data-large-file=\"https:\/\/i0.wp.com\/blateman-bobine.com\/wp-content\/uploads\/2014\/06\/presentation_perso_wordpress.png?fit=500%2C477&amp;ssl=1\" src=\"https:\/\/i0.wp.com\/blateman-bobine.com\/fr\/wp-content\/uploads\/2014\/06\/presentation_perso_wordpress.png?resize=500%2C477&#038;ssl=1\" alt=\"Blateman, le super h\u00e9ros un peu super z\u00e9ro.\" class=\"wp-image-124\" style=\"border-style:none;border-width:0px;object-fit:cover\"\/><\/a><\/figure>\n\n\n\n<p class=\"has-text-align-center has-custom-color-1-color has-text-color has-link-color has-large-font-size wp-elements-f5942d23cabc14f967f97675d668bd59 wp-block-paragraph\" style=\"font-style:italic;font-weight:600\">Blateman<\/p>\n<\/div>\n\n\n\n<div class=\"wp-block-group has-border-color has-custom-color-1-border-color wp-container-content-112aa591 is-vertical is-content-justification-center is-layout-flex wp-container-core-group-is-layout-54b1b8e8 wp-block-group-is-layout-flex\" style=\"border-width:0.1rem;border-radius:0.25rem;min-height:0px;margin-top:0;margin-bottom:0;padding-top:var(--wp--preset--spacing--30);padding-right:var(--wp--preset--spacing--30);padding-bottom:var(--wp--preset--spacing--30);padding-left:var(--wp--preset--spacing--30)\">\n<h2 class=\"wp-block-heading has-medium-font-size\" style=\"font-style:normal;font-weight:700\"><strong>Informatieblad:<\/strong><\/h2>\n\n\n\n<ul class=\"wp-block-list is-style-checkbox has-secondary-color has-text-color has-link-color has-small-font-size wp-elements-b0d6d9f7690ffac1cde2736ddf800669\">\n<li><strong>Burgerlijke naam:<\/strong> Blateman Devon Johnny<\/li>\n\n\n\n<li><strong>Wetenschappelijke naam:<\/strong> Blattella Vheninsis Supra Stupidum<\/li>\n\n\n\n<li><strong>Classification:<\/strong> mutant urbain de type h\u00e9ro\u00efco-involontaire<\/li>\n\n\n\n<li><strong>Geboorteplaats:<\/strong> Whitepage, Pencilvania, U.S.A.<\/li>\n\n\n\n<li><strong>Oorsprong:<\/strong> exposition accidentelle \u00e0 des ondes de stupidit\u00e9 concentr\u00e9e<\/li>\n\n\n\n<li><strong>Fysieke kenmerken:<\/strong> quatre <em>&lsquo;mains gauches<\/em>&lsquo; (aucune r\u00e9ellement utile), yeux globulaux, membrane plasmique et jambes poilues<\/li>\n\n\n\n<li class=\"translation-block\"><strong>Psychologisch profiel:<\/strong> arrogant, onhandig\u2026 maar stiekem aandoenlijk<\/li>\n\n\n\n<li class=\"translation-block\"><strong>Opvallend kenmerk:<\/strong> denkt dat hij geweldig is, gedraagt zich als een ramp<\/li>\n\n\n\n<li class=\"translation-block\"><strong>Gevaarlijkheidsniveau:<\/strong> hoog voor zichzelf, matig voor anderen<\/li>\n<\/ul>\n<\/div>\n<\/div>\n\n\n\n<p class=\"wp-block-paragraph translation-block\"><strong>Blateman<\/strong> is voor <strong>avontuur<\/strong> wat Batman is voor de vleermuis... Nou, je kunt het nemen zoals je wilt.<br>\nBlateman is een <strong>Super-Hero<\/strong> die vaak flirt met de <strong>Super-Zero<\/strong>! Ondanks zijn uitzonderlijke krachten en de trucjes die hij verbergt in zijn <em>Blat-Sacoches<\/em>, moet hij vaak vertrouwen op zijn assistent, Bobine, om zijn grote blunders goed te maken.<\/p>\n\n\n\n<p class=\"wp-block-paragraph translation-block\"><em>Arme wedstrijdkakkerlak<\/em>, hij heeft maar vier linkerhanden, hoor...<\/p>\n\n\n\n<div style=\"height:1.2rem\" aria-hidden=\"true\" class=\"wp-block-spacer\"><\/div>\n\n\n\n<hr class=\"wp-block-separator has-alpha-channel-opacity is-style-wide\"\/>\n\n\n\n<div style=\"height:1.2rem\" aria-hidden=\"true\" class=\"wp-block-spacer\"><\/div>\n\n\n\n<div class=\"wp-block-group grid-perso is-layout-grid wp-container-core-group-is-layout-172db547 wp-block-group-is-layout-grid\">\n<div class=\"wp-block-group wp-container-content-736e896d is-vertical is-content-justification-center is-layout-flex wp-container-core-group-is-layout-f0581fa1 wp-block-group-is-layout-flex\">\n<figure class=\"wp-block-image alignright\"><a href=\"https:\/\/i0.wp.com\/blateman-bobine.com\/fr\/wp-content\/uploads\/2014\/06\/presentation_perso_wordpress2.png?ssl=1\"><img data-recalc-dims=\"1\" loading=\"lazy\" decoding=\"async\" width=\"500\" height=\"477\" data-attachment-id=\"125\" data-permalink=\"https:\/\/blateman-bobine.com\/nl\/de-personages\/presentation_perso_wordpress2\/\" data-orig-file=\"https:\/\/i0.wp.com\/blateman-bobine.com\/wp-content\/uploads\/2014\/06\/presentation_perso_wordpress2.png?fit=500%2C477&amp;ssl=1\" data-orig-size=\"500,477\" data-comments-opened=\"1\" data-image-meta=\"{&quot;aperture&quot;:&quot;0&quot;,&quot;credit&quot;:&quot;&quot;,&quot;camera&quot;:&quot;&quot;,&quot;caption&quot;:&quot;&quot;,&quot;created_timestamp&quot;:&quot;0&quot;,&quot;copyright&quot;:&quot;&quot;,&quot;focal_length&quot;:&quot;0&quot;,&quot;iso&quot;:&quot;0&quot;,&quot;shutter_speed&quot;:&quot;0&quot;,&quot;title&quot;:&quot;&quot;,&quot;orientation&quot;:&quot;0&quot;}\" data-image-title=\"Blateman et Bobine &amp;#8211; La BD\" data-image-description=\"\" data-image-caption=\"\" data-large-file=\"https:\/\/i0.wp.com\/blateman-bobine.com\/wp-content\/uploads\/2014\/06\/presentation_perso_wordpress2.png?fit=500%2C477&amp;ssl=1\" src=\"Bobine\" alt=\"Bobine\" class=\"wp-image-125\"\/><\/a><\/figure>\n\n\n\n<p class=\"has-text-align-center has-custom-color-1-color has-text-color has-link-color has-large-font-size wp-elements-634d63711b1858ef810908f54c2199d3 wp-block-paragraph\" style=\"font-style:italic;font-weight:600\">Bobine<\/p>\n<\/div>\n\n\n\n<div class=\"wp-block-group has-border-color has-custom-color-1-border-color wp-container-content-736e896d is-vertical is-content-justification-center is-layout-flex wp-container-core-group-is-layout-bc9f1b94 wp-block-group-is-layout-flex\" style=\"border-width:0.1rem;border-radius:0.25rem;padding-top:var(--wp--preset--spacing--30);padding-right:var(--wp--preset--spacing--30);padding-bottom:var(--wp--preset--spacing--30);padding-left:var(--wp--preset--spacing--30)\">\n<h2 class=\"wp-block-heading has-medium-font-size\" style=\"font-style:normal;font-weight:700\">Informatieblad:<\/h2>\n\n\n\n<ul class=\"wp-block-list is-style-checkbox has-secondary-color has-text-color has-link-color has-small-font-size wp-elements-d2e5b0dbaa187e31e8c595a0dde969a5\">\n<li><strong>Burgerlijke naam:<\/strong> Bobine Phil Shakya<\/li>\n\n\n\n<li><strong>Wetenschappelijke naam:<\/strong> Homo Sapiens Sapiens Tarekensis<\/li>\n\n\n\n<li><strong>Classification:<\/strong> mens verbeterd door een overdosis stijl<\/li>\n\n\n\n<li><strong>Geboorteplaats:<\/strong> Crayonville, Connecthaircut, U.S.A.<\/li>\n\n\n\n<li><strong>Oorsprong:<\/strong> ongebruikelijke haarmutatie vanaf de geboorte<\/li>\n\n\n\n<li><strong>Fysieke kenmerken:<\/strong> overdimensionale tanden, extreem dikke gele haren<\/li>\n\n\n\n<li class=\"translation-block\"><strong>Psychologisch profiel:<\/strong> enthousiast, loyaal\u2026 soms te veel<\/li>\n\n\n\n<li class=\"translation-block\"><strong>Opvallend kenmerk:<\/strong> glimlacht zelfs in een rampzalige situatie<\/li>\n\n\n\n<li class=\"translation-block\"><strong>Gevaarlijkheidsniveau:<\/strong> in opleiding, maar al gevaarlijk getalenteerd<\/li>\n<\/ul>\n<\/div>\n<\/div>\n\n\n\n<p class=\"wp-block-paragraph translation-block\"><strong>Bobine<\/strong> is een kind met geel haar en grote tanden. Geen knapperd <em>dus<\/em>, voor een <em>gladjanus<\/em>! Maar hij is <strong>smart<\/strong>, soms een beetje <strong> vos<\/strong>, en vooral <strong>vindingrijk<\/strong> en <strong>scherpzinnig<\/strong>.<\/p>\n\n\n\n<p class=\"wp-block-paragraph translation-block\">Zijn motivatie kent geen grenzen, en het is met <strong>Blateman<\/strong>, zijn <strong>mentor<\/strong>, dat hij van plan is om de kneepjes van het superhelden vak te leren\u2026 Tenzij het andersom is, met Bobine gaat Blateman lesnemen!? De leerling kan soms de meester overtreffen!<\/p>\n\n\n\n<p class=\"wp-block-paragraph\">De tandem <strong>B &amp; B<\/strong> is dynamiet en het is de <strong>perfecte combinatie<\/strong> om je<strong> beleven gekke avonturen, lachen en reizen terwijl ze hun kleurrijke avonturen volgen<\/strong>.&nbsp;<\/p>\n\n\n\n<p class=\"wp-block-paragraph\">Doe mee, laat een reactie achter of abonneer je op deze site!<\/p>\n\n\n\n<p class=\"wp-block-paragraph\">Tot ziens!<\/p>\n\n\n\n<hr class=\"wp-block-coblocks-dynamic-separator is-style-fullwidth\" style=\"height:50px\"\/>\n\n\n\n<h3 class=\"wp-block-heading\">Lees meer:<\/h3>","protected":false},"excerpt":{"rendered":"<p>Blateman Fiche signal\u00e9tique: Blateman est \u00e0 l&rsquo;aventure ce que Batman est \u00e0 la chauve-souris&#8230; Euh, comprenez-y ce que vous voudrez.Blateman est un super-h\u00e9ros qui flirte souvent avec le super-z\u00e9ro! Malgr\u00e9 ses pouvoirs extraordinaires et les tours qu&rsquo;il cache dans ses Blat-Sacoches, il doit souvent compter sur son assistant, Bobine, pour rattraper ses b\u00e9vues. C&rsquo;est qu&rsquo;elle [&hellip;]<\/p>\n","protected":false},"author":25794081,"featured_media":0,"parent":0,"menu_order":0,"comment_status":"open","ping_status":"open","template":"","meta":{"_coblocks_attr":"","_coblocks_dimensions":"","_coblocks_responsive_height":"","_coblocks_accordion_ie_support":"","_crdt_document":"","advanced_seo_description":"","jetpack_seo_html_title":"","jetpack_seo_noindex":false,"footnotes":""},"class_list":["post-11","page","type-page","status-publish","hentry"],"jetpack_likes_enabled":true,"jetpack_sharing_enabled":true,"jetpack_shortlink":"https:\/\/wp.me\/P4LVhx-b","jetpack-related-posts":[],"_links":{"self":[{"href":"https:\/\/blateman-bobine.com\/nl\/wp-json\/wp\/v2\/pages\/11","targetHints":{"allow":["GET"]}}],"collection":[{"href":"https:\/\/blateman-bobine.com\/nl\/wp-json\/wp\/v2\/pages"}],"about":[{"href":"https:\/\/blateman-bobine.com\/nl\/wp-json\/wp\/v2\/types\/page"}],"author":[{"embeddable":true,"href":"https:\/\/blateman-bobine.com\/nl\/wp-json\/wp\/v2\/users\/25794081"}],"replies":[{"embeddable":true,"href":"https:\/\/blateman-bobine.com\/nl\/wp-json\/wp\/v2\/comments?post=11"}],"version-history":[{"count":62,"href":"https:\/\/blateman-bobine.com\/nl\/wp-json\/wp\/v2\/pages\/11\/revisions"}],"predecessor-version":[{"id":3202,"href":"https:\/\/blateman-bobine.com\/nl\/wp-json\/wp\/v2\/pages\/11\/revisions\/3202"}],"wp:attachment":[{"href":"https:\/\/blateman-bobine.com\/nl\/wp-json\/wp\/v2\/media?parent=11"}],"curies":[{"name":"wp","href":"https:\/\/api.w.org\/{rel}","templated":true}]}}