{"id":2488,"date":"2025-06-25T16:54:11","date_gmt":"2025-06-25T15:54:11","guid":{"rendered":"https:\/\/blateman-bobine.com\/fr\/?page_id=2488"},"modified":"2026-01-15T17:12:23","modified_gmt":"2026-01-15T16:12:23","slug":"de-albums","status":"publish","type":"page","link":"https:\/\/blateman-bobine.com\/nl\/de-albums\/","title":{"rendered":"De Albums"},"content":{"rendered":"<h2 class=\"wp-block-heading\" id=\"tome-1-album\">Boek 1 - Zombie-Attack!<\/h2>\n\n\n\n<div class=\"wp-block-group is-nowrap is-layout-flex wp-container-core-group-is-layout-794e3cfa wp-block-group-is-layout-flex\">\n<p class=\"has-text-align-center has-small-font-size wp-container-content-9cfa9a5a wp-block-paragraph translation-block\"><em><strong>Tekeningen\/Kleur:<\/strong><\/em> Vhenin<br><em><strong>Scenario:<\/strong><\/em> Tarek<\/p>\n\n\n\n<p class=\"has-text-align-center is-style-default has-small-font-size wp-container-content-9cfa9a5a wp-block-paragraph\"><em>16 eur<\/em><br>22 x 31 cm<br>48 pagina's<br>ISBN 9782931033487<br><\/p>\n<\/div>\n\n\n\n<div class=\"wp-block-media-text has-media-on-the-right is-stacked-on-mobile is-vertically-aligned-top is-style-default has-small-font-size\" style=\"grid-template-columns:auto 45%\"><div class=\"wp-block-media-text__content\">\n<p class=\"is-style-info has-small-font-size wp-block-paragraph\">In de eerste aflevering worden Blateman en Bobine naar het dorp Verweggegem geroepen omdat boze heksen en verschrikkelijke zombies de rust van de bewoners ernstig verstoren! Onze twee helden hebben moed en meer dan \u00e9\u00e9n truc nodig om hun missie uit te voeren. Maar domheid en toeval lijken hen meer te helpen dan talent... Tenzij...<\/p>\n<\/div><figure class=\"wp-block-media-text__media\"><img data-recalc-dims=\"1\" loading=\"lazy\" decoding=\"async\" width=\"1056\" height=\"1350\" data-attachment-id=\"1440\" data-permalink=\"https:\/\/blateman-bobine.com\/nl\/462691224_10235738599505187_5836826645977011765_n\/\" data-orig-file=\"https:\/\/i0.wp.com\/blateman-bobine.com\/wp-content\/uploads\/2024\/10\/462691224_10235738599505187_5836826645977011765_n.jpg?fit=1056%2C1350&amp;ssl=1\" data-orig-size=\"1056,1350\" data-comments-opened=\"1\" data-image-meta=\"{&quot;aperture&quot;:&quot;0&quot;,&quot;credit&quot;:&quot;&quot;,&quot;camera&quot;:&quot;&quot;,&quot;caption&quot;:&quot;&quot;,&quot;created_timestamp&quot;:&quot;0&quot;,&quot;copyright&quot;:&quot;&quot;,&quot;focal_length&quot;:&quot;0&quot;,&quot;iso&quot;:&quot;0&quot;,&quot;shutter_speed&quot;:&quot;0&quot;,&quot;title&quot;:&quot;&quot;,&quot;orientation&quot;:&quot;1&quot;}\" data-image-title=\"462691224_10235738599505187_5836826645977011765_n\" data-image-description=\"\" data-image-caption=\"\" data-large-file=\"https:\/\/i0.wp.com\/blateman-bobine.com\/wp-content\/uploads\/2024\/10\/462691224_10235738599505187_5836826645977011765_n.jpg?fit=801%2C1024&amp;ssl=1\" src=\"https:\/\/i0.wp.com\/blateman-bobine.com\/fr\/wp-content\/uploads\/2024\/10\/462691224_10235738599505187_5836826645977011765_n.jpg?resize=1056%2C1350&#038;ssl=1\" alt=\"\" class=\"wp-image-1440 size-full\"\/><\/figure><\/div>\n\n\n\n<div class=\"wp-block-group is-content-justification-center is-nowrap is-layout-flex wp-container-core-group-is-layout-356def60 wp-block-group-is-layout-flex\">\n<div class=\"wp-block-buttons is-content-justification-space-between is-layout-flex wp-container-core-buttons-is-layout-2d5414bd wp-block-buttons-is-layout-flex\">\n<div class=\"wp-block-button is-style-fill\"><a class=\"wp-block-button__link has-secondary-background-color has-background wp-element-button\" href=\"https:\/\/blateman-bobine.com\/nl\/neem-contact-op-met\/\" style=\"border-style:none;border-width:0px;border-top-left-radius:12px;border-top-right-radius:12px;border-bottom-left-radius:12px;border-bottom-right-radius:12px\" target=\"_blank\" rel=\"noreferrer noopener\">Bestel je album<\/a><\/div>\n<\/div>\n\n\n\n<div class=\"wp-block-buttons is-layout-flex wp-block-buttons-is-layout-flex\">\n<div class=\"wp-block-button has-custom-width wp-block-button__width-100 is-style-outline is-style-outline--1\"><a class=\"wp-block-button__link wp-element-button\" href=\"https:\/\/blateman-bobine.com\/nl\/de-paginas\/\" style=\"border-radius:20rem\">Zie pagina's<\/a><\/div>\n<\/div>\n<\/div>\n\n\n\n<hr class=\"wp-block-coblocks-dynamic-separator is-style-fullwidth\" style=\"height:50px\"\/>\n\n\n\n<h2 class=\"wp-block-heading\" id=\"tome-2-album\">Boek 2 - Gouda City<\/h2>\n\n\n\n<div class=\"wp-block-group is-content-justification-center is-nowrap is-layout-flex wp-container-core-group-is-layout-356def60 wp-block-group-is-layout-flex\">\n<p class=\"has-text-align-center has-small-font-size wp-container-content-9cfa9a5a wp-block-paragraph translation-block\"><em><strong>Tekeningen\/Kleur:<\/strong><\/em> Vhenin<br><em><strong>Scenario:<\/strong><\/em> Tarek<\/p>\n\n\n\n<p class=\"has-text-align-center is-style-default has-small-font-size wp-container-content-9cfa9a5a wp-block-paragraph\"><em>16 eur<\/em><br>22 x 31 cm<br>48 pagina's<br>ISBN 9782931033494<br><br><\/p>\n<\/div>\n\n\n\n<div class=\"wp-block-media-text has-media-on-the-right is-stacked-on-mobile is-style-default\" style=\"grid-template-columns:auto 45%\"><div class=\"wp-block-media-text__content\">\n<p class=\"is-style-info has-small-font-size wp-block-paragraph\">De stad Gouda City houdt de adem in. Al weken verdwijnen jonge meisjes uit de universiteitswijk, zonder enig spoor. Geruchten over de terugkeer van Bob de Schroevendraaier doen de ronde.\nOp bevel van de burgemeester duiken Blateman en Bobine, samen met rechercheur Obamo, in een gevaarlijk onderzoek. Maar in Gouda City is niets wat het lijkt \u2014 vooral niet wanneer het kwaad oprijst uit\u2026 het riool!&nbsp;<\/p>\n<\/div><figure class=\"wp-block-media-text__media\"><img data-recalc-dims=\"1\" loading=\"lazy\" decoding=\"async\" width=\"700\" height=\"937\" data-attachment-id=\"2026\" data-permalink=\"https:\/\/blateman-bobine.com\/nl\/onze-superhelden-zijn-in-spa-op-27-april-2025\/projet_couv_t2\/\" data-orig-file=\"https:\/\/i0.wp.com\/blateman-bobine.com\/wp-content\/uploads\/2025\/04\/projet_couv_t2.jpg?fit=700%2C937&amp;ssl=1\" data-orig-size=\"700,937\" data-comments-opened=\"1\" data-image-meta=\"{&quot;aperture&quot;:&quot;0&quot;,&quot;credit&quot;:&quot;&quot;,&quot;camera&quot;:&quot;&quot;,&quot;caption&quot;:&quot;&quot;,&quot;created_timestamp&quot;:&quot;0&quot;,&quot;copyright&quot;:&quot;&quot;,&quot;focal_length&quot;:&quot;0&quot;,&quot;iso&quot;:&quot;0&quot;,&quot;shutter_speed&quot;:&quot;0&quot;,&quot;title&quot;:&quot;&quot;,&quot;orientation&quot;:&quot;0&quot;}\" data-image-title=\"Blateman &amp;#038; Bobine &amp;#8211; Une BD de Super-Z\u00e9ros pas comme les autres\" data-image-description=\"&lt;p&gt;Blateman &amp;#038; Bobine &amp;#8211; Une BD de Super-Z\u00e9ros pas comme les autres&lt;\/p&gt;\" data-image-caption=\"&lt;p&gt;Blateman &amp;#038; Bobine &amp;#8211; Une BD de Super-Z\u00e9ros pas comme les autres&lt;\/p&gt;\" data-large-file=\"https:\/\/i0.wp.com\/blateman-bobine.com\/wp-content\/uploads\/2025\/04\/projet_couv_t2.jpg?fit=700%2C937&amp;ssl=1\" src=\"https:\/\/i0.wp.com\/blateman-bobine.com\/fr\/wp-content\/uploads\/2025\/04\/projet_couv_t2.jpg?resize=700%2C937&#038;ssl=1\" alt=\"\" class=\"wp-image-2026 size-full\" srcset=\"https:\/\/i0.wp.com\/blateman-bobine.com\/wp-content\/uploads\/2025\/04\/projet_couv_t2.jpg?w=700&amp;ssl=1 700w, https:\/\/i0.wp.com\/blateman-bobine.com\/wp-content\/uploads\/2025\/04\/projet_couv_t2.jpg?resize=224%2C300&amp;ssl=1 224w, https:\/\/i0.wp.com\/blateman-bobine.com\/wp-content\/uploads\/2025\/04\/projet_couv_t2.jpg?resize=150%2C200&amp;ssl=1 150w\" sizes=\"auto, (max-width: 700px) 100vw, 700px\" \/><\/figure><\/div>\n\n\n\n<div class=\"wp-block-group is-content-justification-center is-nowrap is-layout-flex wp-container-core-group-is-layout-356def60 wp-block-group-is-layout-flex\">\n<div class=\"wp-block-buttons is-content-justification-space-between is-layout-flex wp-container-core-buttons-is-layout-2d5414bd wp-block-buttons-is-layout-flex\">\n<div class=\"wp-block-button\"><a class=\"wp-block-button__link has-secondary-background-color has-background wp-element-button\" href=\"https:\/\/blateman-bobine.com\/nl\/neem-contact-op-met\/\" style=\"border-top-left-radius:12px;border-top-right-radius:12px;border-bottom-left-radius:12px;border-bottom-right-radius:12px\" target=\"_blank\" rel=\"noreferrer noopener\">Bestel je album<\/a><\/div>\n<\/div>\n\n\n\n<div class=\"wp-block-buttons is-layout-flex wp-block-buttons-is-layout-flex\">\n<div class=\"wp-block-button is-style-outline is-style-outline--2\"><a class=\"wp-block-button__link wp-element-button\" href=\"https:\/\/blateman-bobine.com\/nl\/de-paginas\/\" style=\"border-radius:20rem\">Zie pagina's<\/a><\/div>\n<\/div>\n<\/div>\n\n\n\n<hr class=\"wp-block-coblocks-dynamic-separator is-style-fullwidth\" style=\"height:50px\"\/>\n\n\n\n<h3 class=\"wp-block-heading\">Lees meer:<\/h3>\n\n\n\n\n\n<p class=\"has-small-font-size wp-block-paragraph\">Alle teksten en afbeeldingen zijn het exclusieve eigendom van ABA Academy, de ontwerpers en scriptschrijvers - Copyright \u00a9 2012-2025 - Alle rechten voorbehouden voor alle landen - Alle rechten voorbehouden in alle talen en voor alle landen.<\/p>","protected":false},"excerpt":{"rendered":"<p>Tome 1 &#8211; Zombie Attack ! Dessin\/Couleurs: VheninSc\u00e9nariste: Tarek 16 eur22 x 31 cm48 pagesISBN 9782931033487 Dans le premier opus, Blateman et Bobine sont appel\u00e9s au village de Loindetout car de vilaines sorci\u00e8res et d\u2019horribles zombies d\u00e9rangent s\u00e9rieusement la tranquillit\u00e9 des r\u00e9sidents&nbsp;! Il faudra du courage et plus d\u2019un tour dans leurs sacoches pour que [&hellip;]<\/p>\n","protected":false},"author":74241772,"featured_media":1747,"parent":0,"menu_order":0,"comment_status":"closed","ping_status":"closed","template":"","meta":{"_coblocks_attr":"","_coblocks_dimensions":"","_coblocks_responsive_height":"","_coblocks_accordion_ie_support":"","_crdt_document":"","advanced_seo_description":"","jetpack_seo_html_title":"","jetpack_seo_noindex":false,"footnotes":""},"class_list":["post-2488","page","type-page","status-publish","has-post-thumbnail","hentry"],"jetpack_likes_enabled":true,"jetpack_sharing_enabled":true,"jetpack_shortlink":"https:\/\/wp.me\/P4LVhx-E8","jetpack-related-posts":[{"id":1,"url":"https:\/\/blateman-bobine.com\/nl\/de-serie\/","url_meta":{"origin":2488,"position":0},"title":"De serie","author":"","date":"28 juni 2014","format":false,"excerpt":"\"Blateman & Bobine\" est une s\u00e9rie de Bandes Dessin\u00e9es jeunesse (7-14 ans) publi\u00e9es aux \u00e9ditions ABA Academy. C'est l'histoire de deux super h\u00e9ros peu ordinaires...L'un est le cousin de Batman (enfin, c'est ce qu'il pr\u00e9tend...) et l'autre, Bobine, un stagiaire, gar\u00e7on intelligent et courageux r\u00eavant de devenir un vrai super-h\u00e9ro\u2026","rel":"","context":"Met 1 reactie","block_context":{"text":"Met 1 reactie","link":"https:\/\/blateman-bobine.com\/nl\/de-serie\/#comments"},"img":{"alt_text":"Expo-Blateman_Bobine","src":"https:\/\/i0.wp.com\/blateman-bobine.com\/wp-content\/uploads\/2025\/04\/Expo-Blateman_Bobine-02_WEB.jpg?fit=800%2C622&ssl=1&resize=350%2C200","width":350,"height":200,"srcset":"https:\/\/i0.wp.com\/blateman-bobine.com\/wp-content\/uploads\/2025\/04\/Expo-Blateman_Bobine-02_WEB.jpg?fit=800%2C622&ssl=1&resize=350%2C200 1x, https:\/\/i0.wp.com\/blateman-bobine.com\/wp-content\/uploads\/2025\/04\/Expo-Blateman_Bobine-02_WEB.jpg?fit=800%2C622&ssl=1&resize=525%2C300 1.5x, https:\/\/i0.wp.com\/blateman-bobine.com\/wp-content\/uploads\/2025\/04\/Expo-Blateman_Bobine-02_WEB.jpg?fit=800%2C622&ssl=1&resize=700%2C400 2x"},"classes":[]},{"id":260,"url":"https:\/\/blateman-bobine.com\/nl\/video\/","url_meta":{"origin":2488,"position":1},"title":"Video's","author":"Tarek Ben Yakhlef","date":"24 oktober 2015","format":false,"excerpt":"BLateman & Bobine - Official Release https:\/\/youtube.com\/shorts\/C0Xe_Y6za7s?si=5O4wotVMMmTN9hXY Blateman & Bobine - Your Kids gonna love it https:\/\/youtube.com\/shorts\/knlZ0tiquVM?si=Wrwm3DLLd_qfyaOD Blateman & Bobine - Festival SOBD Paris - Paroles d'artistes https:\/\/youtu.be\/qDXAvId5KgQ Blateman & Bobine - Festival SoBD Paris - Le film du Salon https:\/\/youtu.be\/RgVs0yj5UM8 Blateman & Bobine - Pr\u00e9sentation officielle SoBD Paris https:\/\/www.youtube.com\/watch?v=9QwqP-kbb0k\u2026","rel":"","context":"Soortgelijk bericht","block_context":{"text":"Soortgelijk bericht","link":""},"img":{"alt_text":"","src":"https:\/\/i0.wp.com\/blateman-bobine.com\/wp-content\/uploads\/2016\/09\/fete_de_la_bd_bruxelles_2016-09.jpg?fit=400%2C600&ssl=1&resize=350%2C200","width":350,"height":200},"classes":[]},{"id":1488,"url":"https:\/\/blateman-bobine.com\/nl\/de-auteurs\/","url_meta":{"origin":2488,"position":2},"title":"De auteurs","author":"Vhenin","date":"26 december 2024","format":false,"excerpt":"Vincent Henin (Vhenin) Dessinateur, Coloriste, Sc\u00e9nariste N\u00e9 \u00e0 Bruxelles en 1979, Vhenin se passionne tr\u00e8s jeune pour la Bande Dessin\u00e9e. \u00c9lev\u00e9 dans une famille de b\u00e9d\u00e9philes, il sait vers l'\u00e2ge de 9 ans qu'il fera de la BD et \u00e9labore des petites planches qu'il vend \u00e0 ses amis pour financer\u2026","rel":"","context":"Soortgelijk bericht","block_context":{"text":"Soortgelijk bericht","link":""},"img":{"alt_text":"","src":"https:\/\/i0.wp.com\/blateman-bobine.com\/wp-content\/uploads\/2016\/09\/blateman_bobine_abracadabulles-2016-05.jpg?fit=1000%2C667&ssl=1&resize=350%2C200","width":350,"height":200,"srcset":"https:\/\/i0.wp.com\/blateman-bobine.com\/wp-content\/uploads\/2016\/09\/blateman_bobine_abracadabulles-2016-05.jpg?fit=1000%2C667&ssl=1&resize=350%2C200 1x, https:\/\/i0.wp.com\/blateman-bobine.com\/wp-content\/uploads\/2016\/09\/blateman_bobine_abracadabulles-2016-05.jpg?fit=1000%2C667&ssl=1&resize=525%2C300 1.5x, https:\/\/i0.wp.com\/blateman-bobine.com\/wp-content\/uploads\/2016\/09\/blateman_bobine_abracadabulles-2016-05.jpg?fit=1000%2C667&ssl=1&resize=700%2C400 2x"},"classes":[]},{"id":1314,"url":"https:\/\/blateman-bobine.com\/nl\/neem-contact-op-met\/","url_meta":{"origin":2488,"position":3},"title":"Contact","author":"","date":"6 april 2020","format":false,"excerpt":"Vous pouvez nous contacter par email, t\u00e9l\u00e9phone ou via un formulaire. Les coordonn\u00e9es incluent Olivier Ghys des \u00c9ditions ABA Academy, Vincent Henin, dessinateur, et Tarek, sc\u00e9nariste.","rel":"","context":"Soortgelijk bericht","block_context":{"text":"Soortgelijk bericht","link":""},"img":{"alt_text":"Blateman & Bobine au Festival BD de Tournai les Bulles, Belgique","src":"https:\/\/i0.wp.com\/blateman-bobine.com\/wp-content\/uploads\/2025\/04\/486188383_1949505018914854_8225716006673078368_n.jpg?fit=900%2C1200&ssl=1&resize=350%2C200","width":350,"height":200,"srcset":"https:\/\/i0.wp.com\/blateman-bobine.com\/wp-content\/uploads\/2025\/04\/486188383_1949505018914854_8225716006673078368_n.jpg?fit=900%2C1200&ssl=1&resize=350%2C200 1x, https:\/\/i0.wp.com\/blateman-bobine.com\/wp-content\/uploads\/2025\/04\/486188383_1949505018914854_8225716006673078368_n.jpg?fit=900%2C1200&ssl=1&resize=525%2C300 1.5x, https:\/\/i0.wp.com\/blateman-bobine.com\/wp-content\/uploads\/2025\/04\/486188383_1949505018914854_8225716006673078368_n.jpg?fit=900%2C1200&ssl=1&resize=700%2C400 2x"},"classes":[]},{"id":2055,"url":"https:\/\/blateman-bobine.com\/nl\/de-paginas\/","url_meta":{"origin":2488,"position":4},"title":"De pagina's","author":"Vhenin","date":"25 april 2025","format":false,"excerpt":"Deel 1 Deel 2","rel":"","context":"Soortgelijk bericht","block_context":{"text":"Soortgelijk bericht","link":""},"img":{"alt_text":"","src":"https:\/\/i0.wp.com\/blateman-bobine.com\/wp-content\/uploads\/2025\/03\/BB01_p44-copy.jpg?fit=800%2C1131&ssl=1&resize=350%2C200","width":350,"height":200,"srcset":"https:\/\/i0.wp.com\/blateman-bobine.com\/wp-content\/uploads\/2025\/03\/BB01_p44-copy.jpg?fit=800%2C1131&ssl=1&resize=350%2C200 1x, https:\/\/i0.wp.com\/blateman-bobine.com\/wp-content\/uploads\/2025\/03\/BB01_p44-copy.jpg?fit=800%2C1131&ssl=1&resize=525%2C300 1.5x, https:\/\/i0.wp.com\/blateman-bobine.com\/wp-content\/uploads\/2025\/03\/BB01_p44-copy.jpg?fit=800%2C1131&ssl=1&resize=700%2C400 2x"},"classes":[]},{"id":11,"url":"https:\/\/blateman-bobine.com\/nl\/de-personages\/","url_meta":{"origin":2488,"position":5},"title":"De personages","author":"","date":"28 juni 2014","format":false,"excerpt":"Blateman Fiche signal\u00e9tique: Nom civil: Blateman Devon Johnny Nom scientifique: Blattella Vheninsis Supra Stupidum Classification: mutant urbain de type h\u00e9ro\u00efco-involontaire Lieu de naissance: Whitepage, Pencilvania, U.S.A. Origine: exposition accidentelle \u00e0 des ondes de stupidit\u00e9 concentr\u00e9e Caract\u00e9ristiques physiques: quatre 'mains gauches' (aucune r\u00e9ellement utile), yeux globulaux, membrane plasmique et jambes poilues\u2026","rel":"","context":"Soortgelijk bericht","block_context":{"text":"Soortgelijk bericht","link":""},"img":{"alt_text":"Blateman","src":"https:\/\/i0.wp.com\/blateman-bobine.com\/wp-content\/uploads\/2014\/06\/presentation_perso_wordpress.png?resize=350%2C200&ssl=1","width":350,"height":200},"classes":[]}],"_links":{"self":[{"href":"https:\/\/blateman-bobine.com\/nl\/wp-json\/wp\/v2\/pages\/2488","targetHints":{"allow":["GET"]}}],"collection":[{"href":"https:\/\/blateman-bobine.com\/nl\/wp-json\/wp\/v2\/pages"}],"about":[{"href":"https:\/\/blateman-bobine.com\/nl\/wp-json\/wp\/v2\/types\/page"}],"author":[{"embeddable":true,"href":"https:\/\/blateman-bobine.com\/nl\/wp-json\/wp\/v2\/users\/74241772"}],"replies":[{"embeddable":true,"href":"https:\/\/blateman-bobine.com\/nl\/wp-json\/wp\/v2\/comments?post=2488"}],"version-history":[{"count":32,"href":"https:\/\/blateman-bobine.com\/nl\/wp-json\/wp\/v2\/pages\/2488\/revisions"}],"predecessor-version":[{"id":3207,"href":"https:\/\/blateman-bobine.com\/nl\/wp-json\/wp\/v2\/pages\/2488\/revisions\/3207"}],"wp:featuredmedia":[{"embeddable":true,"href":"https:\/\/blateman-bobine.com\/nl\/wp-json\/wp\/v2\/media\/1747"}],"wp:attachment":[{"href":"https:\/\/blateman-bobine.com\/nl\/wp-json\/wp\/v2\/media?parent=2488"}],"curies":[{"name":"wp","href":"https:\/\/api.w.org\/{rel}","templated":true}]}}